{"id":11,"date":"2017-04-18T11:44:40","date_gmt":"2017-04-18T09:44:40","guid":{"rendered":"http:\/\/kfv-pfarrkirchen.de\/wprs\/?page_id=11"},"modified":"2025-11-10T14:16:03","modified_gmt":"2025-11-10T13:16:03","slug":"gewaesser","status":"publish","type":"page","link":"https:\/\/kfv-pfarrkirchen.de\/wprs\/gewaesser\/","title":{"rendered":"Gew\u00e4sser"},"content":{"rendered":"\n<p>Rottauensee<\/p>\n\n\n\n<figure class=\"wp-block-image size-full is-resized\"><img loading=\"lazy\" decoding=\"async\" width=\"573\" height=\"377\" src=\"https:\/\/kfv-pfarrkirchen.de\/wprs\/wp-content\/uploads\/2025\/11\/image.png\" alt=\"\" class=\"wp-image-3369\" style=\"width:840px;height:auto\" srcset=\"https:\/\/kfv-pfarrkirchen.de\/wprs\/wp-content\/uploads\/2025\/11\/image.png 573w, https:\/\/kfv-pfarrkirchen.de\/wprs\/wp-content\/uploads\/2025\/11\/image-300x197.png 300w\" sizes=\"auto, (max-width: 573px) 100vw, 573px\" \/><\/figure>\n\n\n\n<p>Rott Kaism\u00fchle<\/p>\n\n\n\n<figure class=\"wp-block-image size-full\"><img loading=\"lazy\" decoding=\"async\" width=\"720\" height=\"346\" src=\"https:\/\/kfv-pfarrkirchen.de\/wprs\/wp-content\/uploads\/2025\/11\/image-8.png\" alt=\"\" class=\"wp-image-3379\" srcset=\"https:\/\/kfv-pfarrkirchen.de\/wprs\/wp-content\/uploads\/2025\/11\/image-8.png 720w, https:\/\/kfv-pfarrkirchen.de\/wprs\/wp-content\/uploads\/2025\/11\/image-8-300x144.png 300w\" sizes=\"auto, (max-width: 720px) 100vw, 720px\" \/><\/figure>\n\n\n\n<p>Rott Hebertsfelden<\/p>\n\n\n\n<figure class=\"wp-block-image size-full\"><img loading=\"lazy\" decoding=\"async\" width=\"787\" height=\"383\" src=\"https:\/\/kfv-pfarrkirchen.de\/wprs\/wp-content\/uploads\/2025\/11\/image-6.png\" alt=\"\" class=\"wp-image-3376\" srcset=\"https:\/\/kfv-pfarrkirchen.de\/wprs\/wp-content\/uploads\/2025\/11\/image-6.png 787w, https:\/\/kfv-pfarrkirchen.de\/wprs\/wp-content\/uploads\/2025\/11\/image-6-300x146.png 300w, https:\/\/kfv-pfarrkirchen.de\/wprs\/wp-content\/uploads\/2025\/11\/image-6-768x374.png 768w, https:\/\/kfv-pfarrkirchen.de\/wprs\/wp-content\/uploads\/2025\/11\/image-6-680x330.png 680w\" sizes=\"auto, (max-width: 787px) 100vw, 787px\" \/><\/figure>\n\n\n\n<p>Rott Bayerbach<\/p>\n\n\n\n<figure class=\"wp-block-image size-full\"><img loading=\"lazy\" decoding=\"async\" width=\"672\" height=\"432\" src=\"https:\/\/kfv-pfarrkirchen.de\/wprs\/wp-content\/uploads\/2025\/11\/image-7.png\" alt=\"\" class=\"wp-image-3377\" srcset=\"https:\/\/kfv-pfarrkirchen.de\/wprs\/wp-content\/uploads\/2025\/11\/image-7.png 672w, https:\/\/kfv-pfarrkirchen.de\/wprs\/wp-content\/uploads\/2025\/11\/image-7-300x193.png 300w\" sizes=\"auto, (max-width: 672px) 100vw, 672px\" \/><\/figure>\n\n\n\n<p>Vils Badersdorf<\/p>\n\n\n\n<figure class=\"wp-block-image size-full\"><img loading=\"lazy\" decoding=\"async\" width=\"630\" height=\"536\" src=\"https:\/\/kfv-pfarrkirchen.de\/wprs\/wp-content\/uploads\/2025\/11\/image-1.png\" alt=\"\" class=\"wp-image-3371\" srcset=\"https:\/\/kfv-pfarrkirchen.de\/wprs\/wp-content\/uploads\/2025\/11\/image-1.png 630w, https:\/\/kfv-pfarrkirchen.de\/wprs\/wp-content\/uploads\/2025\/11\/image-1-300x255.png 300w\" sizes=\"auto, (max-width: 630px) 100vw, 630px\" \/><\/figure>\n\n\n\n<p>Vils Reichstorf<\/p>\n\n\n\n<figure class=\"wp-block-image size-full\"><img loading=\"lazy\" decoding=\"async\" width=\"555\" height=\"450\" src=\"https:\/\/kfv-pfarrkirchen.de\/wprs\/wp-content\/uploads\/2025\/11\/image-9.png\" alt=\"\" class=\"wp-image-3381\" srcset=\"https:\/\/kfv-pfarrkirchen.de\/wprs\/wp-content\/uploads\/2025\/11\/image-9.png 555w, https:\/\/kfv-pfarrkirchen.de\/wprs\/wp-content\/uploads\/2025\/11\/image-9-300x243.png 300w\" sizes=\"auto, (max-width: 555px) 100vw, 555px\" \/><\/figure>\n\n\n\n<p>Kollbach Ro\u00dfbach<\/p>\n\n\n\n<figure class=\"wp-block-image size-full\"><img loading=\"lazy\" decoding=\"async\" width=\"540\" height=\"525\" src=\"https:\/\/kfv-pfarrkirchen.de\/wprs\/wp-content\/uploads\/2025\/11\/image-11.png\" alt=\"\" class=\"wp-image-3383\" srcset=\"https:\/\/kfv-pfarrkirchen.de\/wprs\/wp-content\/uploads\/2025\/11\/image-11.png 540w, https:\/\/kfv-pfarrkirchen.de\/wprs\/wp-content\/uploads\/2025\/11\/image-11-300x292.png 300w, https:\/\/kfv-pfarrkirchen.de\/wprs\/wp-content\/uploads\/2025\/11\/image-11-50x50.png 50w\" sizes=\"auto, (max-width: 540px) 100vw, 540px\" \/><\/figure>\n\n\n\n<p>Kollbach Leberfing<\/p>\n\n\n\n<figure class=\"wp-block-image size-full\"><img loading=\"lazy\" decoding=\"async\" width=\"371\" height=\"405\" src=\"https:\/\/kfv-pfarrkirchen.de\/wprs\/wp-content\/uploads\/2025\/11\/image-3.png\" alt=\"\" class=\"wp-image-3373\" srcset=\"https:\/\/kfv-pfarrkirchen.de\/wprs\/wp-content\/uploads\/2025\/11\/image-3.png 371w, https:\/\/kfv-pfarrkirchen.de\/wprs\/wp-content\/uploads\/2025\/11\/image-3-275x300.png 275w\" sizes=\"auto, (max-width: 371px) 100vw, 371px\" \/><\/figure>\n\n\n\n<p>Kollbach M\u00fcnchsdorf<\/p>\n\n\n\n<figure class=\"wp-block-image size-full is-resized\"><img loading=\"lazy\" decoding=\"async\" width=\"674\" height=\"670\" src=\"https:\/\/kfv-pfarrkirchen.de\/wprs\/wp-content\/uploads\/2025\/11\/image-12.png\" alt=\"\" class=\"wp-image-3386\" style=\"aspect-ratio:1;width:840px;height:auto\" srcset=\"https:\/\/kfv-pfarrkirchen.de\/wprs\/wp-content\/uploads\/2025\/11\/image-12.png 674w, https:\/\/kfv-pfarrkirchen.de\/wprs\/wp-content\/uploads\/2025\/11\/image-12-300x298.png 300w, https:\/\/kfv-pfarrkirchen.de\/wprs\/wp-content\/uploads\/2025\/11\/image-12-150x150.png 150w, https:\/\/kfv-pfarrkirchen.de\/wprs\/wp-content\/uploads\/2025\/11\/image-12-50x50.png 50w, https:\/\/kfv-pfarrkirchen.de\/wprs\/wp-content\/uploads\/2025\/11\/image-12-80x80.png 80w\" sizes=\"auto, (max-width: 674px) 100vw, 674px\" \/><\/figure>\n","protected":false},"excerpt":{"rendered":"<p>Rottauensee Rott Kaism\u00fchle Rott Hebertsfelden Rott Bayerbach Vils Badersdorf Vils Reichstorf Kollbach Ro\u00dfbach Kollbach Leberfing Kollbach M\u00fcnchsdorf<\/p>\n","protected":false},"author":1,"featured_media":0,"parent":0,"menu_order":0,"comment_status":"closed","ping_status":"closed","template":"","meta":{"footnotes":""},"class_list":["post-11","page","type-page","status-publish","hentry"],"yoast_head":"<!-- This site is optimized with the Yoast SEO plugin v26.8 - https:\/\/yoast.com\/product\/yoast-seo-wordpress\/ -->\n<title>Gew\u00e4sser - kfv-pfarrkirchen<\/title>\n<meta name=\"robots\" content=\"index, follow, max-snippet:-1, max-image-preview:large, max-video-preview:-1\" \/>\n<link rel=\"canonical\" href=\"https:\/\/kfv-pfarrkirchen.de\/wprs\/gewaesser\/\" \/>\n<meta property=\"og:locale\" content=\"de_DE\" \/>\n<meta property=\"og:type\" content=\"article\" \/>\n<meta property=\"og:title\" content=\"Gew\u00e4sser - kfv-pfarrkirchen\" \/>\n<meta property=\"og:description\" content=\"Rottauensee Rott Kaism\u00fchle Rott Hebertsfelden Rott Bayerbach Vils Badersdorf Vils Reichstorf Kollbach Ro\u00dfbach Kollbach Leberfing Kollbach M\u00fcnchsdorf\" \/>\n<meta property=\"og:url\" content=\"https:\/\/kfv-pfarrkirchen.de\/wprs\/gewaesser\/\" \/>\n<meta property=\"og:site_name\" content=\"kfv-pfarrkirchen\" \/>\n<meta property=\"article:modified_time\" content=\"2025-11-10T13:16:03+00:00\" \/>\n<meta property=\"og:image\" content=\"https:\/\/kfv-pfarrkirchen.de\/wprs\/wp-content\/uploads\/2025\/11\/image.png\" \/>\n<meta name=\"twitter:card\" content=\"summary_large_image\" \/>\n<meta name=\"twitter:label1\" content=\"Gesch\u00e4tzte Lesezeit\" \/>\n\t<meta name=\"twitter:data1\" content=\"2\u00a0Minuten\" \/>\n<script type=\"application\/ld+json\" class=\"yoast-schema-graph\">{\"@context\":\"https:\/\/schema.org\",\"@graph\":[{\"@type\":\"WebPage\",\"@id\":\"https:\/\/kfv-pfarrkirchen.de\/wprs\/gewaesser\/\",\"url\":\"https:\/\/kfv-pfarrkirchen.de\/wprs\/gewaesser\/\",\"name\":\"Gew\u00e4sser - kfv-pfarrkirchen\",\"isPartOf\":{\"@id\":\"http:\/\/kfv-pfarrkirchen.de\/wprs\/#website\"},\"primaryImageOfPage\":{\"@id\":\"https:\/\/kfv-pfarrkirchen.de\/wprs\/gewaesser\/#primaryimage\"},\"image\":{\"@id\":\"https:\/\/kfv-pfarrkirchen.de\/wprs\/gewaesser\/#primaryimage\"},\"thumbnailUrl\":\"https:\/\/kfv-pfarrkirchen.de\/wprs\/wp-content\/uploads\/2025\/11\/image.png\",\"datePublished\":\"2017-04-18T09:44:40+00:00\",\"dateModified\":\"2025-11-10T13:16:03+00:00\",\"breadcrumb\":{\"@id\":\"https:\/\/kfv-pfarrkirchen.de\/wprs\/gewaesser\/#breadcrumb\"},\"inLanguage\":\"de\",\"potentialAction\":[{\"@type\":\"ReadAction\",\"target\":[\"https:\/\/kfv-pfarrkirchen.de\/wprs\/gewaesser\/\"]}]},{\"@type\":\"ImageObject\",\"inLanguage\":\"de\",\"@id\":\"https:\/\/kfv-pfarrkirchen.de\/wprs\/gewaesser\/#primaryimage\",\"url\":\"https:\/\/kfv-pfarrkirchen.de\/wprs\/wp-content\/uploads\/2025\/11\/image.png\",\"contentUrl\":\"https:\/\/kfv-pfarrkirchen.de\/wprs\/wp-content\/uploads\/2025\/11\/image.png\"},{\"@type\":\"BreadcrumbList\",\"@id\":\"https:\/\/kfv-pfarrkirchen.de\/wprs\/gewaesser\/#breadcrumb\",\"itemListElement\":[{\"@type\":\"ListItem\",\"position\":1,\"name\":\"Startseite\",\"item\":\"http:\/\/kfv-pfarrkirchen.de\/wprs\/\"},{\"@type\":\"ListItem\",\"position\":2,\"name\":\"Gew\u00e4sser\"}]},{\"@type\":\"WebSite\",\"@id\":\"http:\/\/kfv-pfarrkirchen.de\/wprs\/#website\",\"url\":\"http:\/\/kfv-pfarrkirchen.de\/wprs\/\",\"name\":\"kfv-pfarrkirchen\",\"description\":\"Fischen im Rottal\",\"potentialAction\":[{\"@type\":\"SearchAction\",\"target\":{\"@type\":\"EntryPoint\",\"urlTemplate\":\"http:\/\/kfv-pfarrkirchen.de\/wprs\/?s={search_term_string}\"},\"query-input\":{\"@type\":\"PropertyValueSpecification\",\"valueRequired\":true,\"valueName\":\"search_term_string\"}}],\"inLanguage\":\"de\"}]}<\/script>\n<!-- \/ Yoast SEO plugin. -->","yoast_head_json":{"title":"Gew\u00e4sser - kfv-pfarrkirchen","robots":{"index":"index","follow":"follow","max-snippet":"max-snippet:-1","max-image-preview":"max-image-preview:large","max-video-preview":"max-video-preview:-1"},"canonical":"https:\/\/kfv-pfarrkirchen.de\/wprs\/gewaesser\/","og_locale":"de_DE","og_type":"article","og_title":"Gew\u00e4sser - kfv-pfarrkirchen","og_description":"Rottauensee Rott Kaism\u00fchle Rott Hebertsfelden Rott Bayerbach Vils Badersdorf Vils Reichstorf Kollbach Ro\u00dfbach Kollbach Leberfing Kollbach M\u00fcnchsdorf","og_url":"https:\/\/kfv-pfarrkirchen.de\/wprs\/gewaesser\/","og_site_name":"kfv-pfarrkirchen","article_modified_time":"2025-11-10T13:16:03+00:00","og_image":[{"url":"https:\/\/kfv-pfarrkirchen.de\/wprs\/wp-content\/uploads\/2025\/11\/image.png","type":"","width":"","height":""}],"twitter_card":"summary_large_image","twitter_misc":{"Gesch\u00e4tzte Lesezeit":"2\u00a0Minuten"},"schema":{"@context":"https:\/\/schema.org","@graph":[{"@type":"WebPage","@id":"https:\/\/kfv-pfarrkirchen.de\/wprs\/gewaesser\/","url":"https:\/\/kfv-pfarrkirchen.de\/wprs\/gewaesser\/","name":"Gew\u00e4sser - kfv-pfarrkirchen","isPartOf":{"@id":"http:\/\/kfv-pfarrkirchen.de\/wprs\/#website"},"primaryImageOfPage":{"@id":"https:\/\/kfv-pfarrkirchen.de\/wprs\/gewaesser\/#primaryimage"},"image":{"@id":"https:\/\/kfv-pfarrkirchen.de\/wprs\/gewaesser\/#primaryimage"},"thumbnailUrl":"https:\/\/kfv-pfarrkirchen.de\/wprs\/wp-content\/uploads\/2025\/11\/image.png","datePublished":"2017-04-18T09:44:40+00:00","dateModified":"2025-11-10T13:16:03+00:00","breadcrumb":{"@id":"https:\/\/kfv-pfarrkirchen.de\/wprs\/gewaesser\/#breadcrumb"},"inLanguage":"de","potentialAction":[{"@type":"ReadAction","target":["https:\/\/kfv-pfarrkirchen.de\/wprs\/gewaesser\/"]}]},{"@type":"ImageObject","inLanguage":"de","@id":"https:\/\/kfv-pfarrkirchen.de\/wprs\/gewaesser\/#primaryimage","url":"https:\/\/kfv-pfarrkirchen.de\/wprs\/wp-content\/uploads\/2025\/11\/image.png","contentUrl":"https:\/\/kfv-pfarrkirchen.de\/wprs\/wp-content\/uploads\/2025\/11\/image.png"},{"@type":"BreadcrumbList","@id":"https:\/\/kfv-pfarrkirchen.de\/wprs\/gewaesser\/#breadcrumb","itemListElement":[{"@type":"ListItem","position":1,"name":"Startseite","item":"http:\/\/kfv-pfarrkirchen.de\/wprs\/"},{"@type":"ListItem","position":2,"name":"Gew\u00e4sser"}]},{"@type":"WebSite","@id":"http:\/\/kfv-pfarrkirchen.de\/wprs\/#website","url":"http:\/\/kfv-pfarrkirchen.de\/wprs\/","name":"kfv-pfarrkirchen","description":"Fischen im Rottal","potentialAction":[{"@type":"SearchAction","target":{"@type":"EntryPoint","urlTemplate":"http:\/\/kfv-pfarrkirchen.de\/wprs\/?s={search_term_string}"},"query-input":{"@type":"PropertyValueSpecification","valueRequired":true,"valueName":"search_term_string"}}],"inLanguage":"de"}]}},"_links":{"self":[{"href":"https:\/\/kfv-pfarrkirchen.de\/wprs\/wp-json\/wp\/v2\/pages\/11","targetHints":{"allow":["GET"]}}],"collection":[{"href":"https:\/\/kfv-pfarrkirchen.de\/wprs\/wp-json\/wp\/v2\/pages"}],"about":[{"href":"https:\/\/kfv-pfarrkirchen.de\/wprs\/wp-json\/wp\/v2\/types\/page"}],"author":[{"embeddable":true,"href":"https:\/\/kfv-pfarrkirchen.de\/wprs\/wp-json\/wp\/v2\/users\/1"}],"replies":[{"embeddable":true,"href":"https:\/\/kfv-pfarrkirchen.de\/wprs\/wp-json\/wp\/v2\/comments?post=11"}],"version-history":[{"count":29,"href":"https:\/\/kfv-pfarrkirchen.de\/wprs\/wp-json\/wp\/v2\/pages\/11\/revisions"}],"predecessor-version":[{"id":3387,"href":"https:\/\/kfv-pfarrkirchen.de\/wprs\/wp-json\/wp\/v2\/pages\/11\/revisions\/3387"}],"wp:attachment":[{"href":"https:\/\/kfv-pfarrkirchen.de\/wprs\/wp-json\/wp\/v2\/media?parent=11"}],"curies":[{"name":"wp","href":"https:\/\/api.w.org\/{rel}","templated":true}]}}