{"id":162,"date":"2017-04-27T00:46:32","date_gmt":"2017-04-26T22:46:32","guid":{"rendered":"http:\/\/kfv-pfarrkirchen.de\/wprs\/?page_id=162"},"modified":"2025-09-30T10:21:45","modified_gmt":"2025-09-30T08:21:45","slug":"fischerpruefung","status":"publish","type":"page","link":"https:\/\/kfv-pfarrkirchen.de\/wprs\/fischerpruefung\/","title":{"rendered":"Fischerkurs 2025"},"content":{"rendered":"\n<p><strong><em>Neuer Vorbereitungslehrgang auf die Fischerpr\u00fcfung startet im Oktober 2025<\/em><\/strong><\/p>\n\n\n\n<p>Hierzu ist verbindlich die Teilnahme an der Info-Veranstaltung am 21.9.2025 im Fischkompetenzzentrum des Bezirksfischereivereines Eggenfelden, Lindhofstr. 45, 84307 Eggenfelden erforderlich. Die Veranstaltung beginnt um 9.30 Uhr. Dauer bis ca. 12.00 Uhr.<\/p>\n\n\n\n<p>Bitte beachten: Am Lehrgang kann nur teilnehmen, wer zu Kursbeginn unter Fischerpr\u00fcfung online angemeldet ist und die Teilnehmernummer vorlegen k\u00f6nnen. Bitte melden Sie sich bereits fr\u00fchzeitig unter Fischerpruefung online an. Hilfestellung\/Registrieranleitung: https:\/\/www.lfl.bayern.de\/ifi\/fischerpruefung\/index.php An diesem Tage (21.9.2025) erfolgt die Anmeldung\/Einschreibung, die Entrichtung der Kursgeb\u00fchr, Verkauf der Lernunterlagen ggf. weitere Bestellungen und ggf. die Unterst\u00fctzung bei der Anmeldung unter Fischerpr\u00fcfung online. Bitte Bargeld, Handy und E-Mailadresse mitbringen.<\/p>\n\n\n\n<p>Kursgeb\u00fchr: Erwachsene 140,\u2013\u20ac, Jugendliche 70,\u2013\u20ac<\/p>\n\n\n\n<p>Unterrichtsort: Amt f\u00fcr Ern\u00e4hrung, Landwirtschaft und Forsten, Pfarrkirchen, L\u00e4rchenweg 12 und an den Praxistagen am 26.10.2025 und 9.11.2025 im Fischkompetenzzentrum Eggenfelden<\/p>\n\n\n\n<p>Unterrichtstage: Samstag: 11.10.2025, 18.10.2025, 25.10.2025 und 8.11.2025 von 9.00 \u2013 17.15 Uhr Sonntag: 12.10.2025, 19.10.2025, 26.10.2025 und 9.11.2025 von 8.00 -12.15 Uhr Freitag: 31.10.2025 von 18.00 \u2013 22.00 Uhr<\/p>\n\n\n\n<p>Angeboten werden somit 48 Unterrichtsstunden<\/p>\n\n\n\n<p>Veranstalter: Bezirksfischereiverein Eggenfelden und Kreisfischereiverein Pfarrkirchen<\/p>\n\n\n\n<div data-wp-interactive=\"core\/file\" class=\"wp-block-file\"><object data-wp-bind--hidden=\"!state.hasPdfPreview\" hidden class=\"wp-block-file__embed\" data=\"http:\/\/kfv-pfarrkirchen.de\/wprs\/wp-content\/uploads\/2025\/09\/Stundenplan-Fischerkurs-2025.pdf\" type=\"application\/pdf\" style=\"width:100%;height:600px\" aria-label=\"Einbettung von Stundenplan Fischerkurs 2025.\"><\/object><a id=\"wp-block-file--media-38396adf-baab-4863-8791-e36473a61ec2\" href=\"http:\/\/kfv-pfarrkirchen.de\/wprs\/wp-content\/uploads\/2025\/09\/Stundenplan-Fischerkurs-2025.pdf\">Stundenplan Fischerkurs 2025<\/a><a href=\"http:\/\/kfv-pfarrkirchen.de\/wprs\/wp-content\/uploads\/2025\/09\/Stundenplan-Fischerkurs-2025.pdf\" class=\"wp-block-file__button wp-element-button\" download aria-describedby=\"wp-block-file--media-38396adf-baab-4863-8791-e36473a61ec2\">Herunterladen<\/a><\/div>\n","protected":false},"excerpt":{"rendered":"<p>Neuer Vorbereitungslehrgang auf die Fischerpr\u00fcfung startet im Oktober 2025 Hierzu ist verbindlich die Teilnahme an der Info-Veranstaltung am 21.9.2025 im Fischkompetenzzentrum des Bezirksfischereivereines Eggenfelden, Lindhofstr. 45, 84307 Eggenfelden erforderlich. Die [&hellip;]<\/p>\n","protected":false},"author":1,"featured_media":0,"parent":0,"menu_order":0,"comment_status":"closed","ping_status":"closed","template":"","meta":{"footnotes":""},"class_list":["post-162","page","type-page","status-publish","hentry"],"yoast_head":"<!-- This site is optimized with the Yoast SEO plugin v26.8 - https:\/\/yoast.com\/product\/yoast-seo-wordpress\/ -->\n<title>Fischerkurs 2025 - kfv-pfarrkirchen<\/title>\n<meta name=\"robots\" content=\"index, follow, max-snippet:-1, max-image-preview:large, max-video-preview:-1\" \/>\n<link rel=\"canonical\" href=\"https:\/\/kfv-pfarrkirchen.de\/wprs\/fischerpruefung\/\" \/>\n<meta property=\"og:locale\" content=\"de_DE\" \/>\n<meta property=\"og:type\" content=\"article\" \/>\n<meta property=\"og:title\" content=\"Fischerkurs 2025 - kfv-pfarrkirchen\" \/>\n<meta property=\"og:description\" content=\"Neuer Vorbereitungslehrgang auf die Fischerpr\u00fcfung startet im Oktober 2025 Hierzu ist verbindlich die Teilnahme an der Info-Veranstaltung am 21.9.2025 im Fischkompetenzzentrum des Bezirksfischereivereines Eggenfelden, Lindhofstr. 45, 84307 Eggenfelden erforderlich. Die [&hellip;]\" \/>\n<meta property=\"og:url\" content=\"https:\/\/kfv-pfarrkirchen.de\/wprs\/fischerpruefung\/\" \/>\n<meta property=\"og:site_name\" content=\"kfv-pfarrkirchen\" \/>\n<meta property=\"article:modified_time\" content=\"2025-09-30T08:21:45+00:00\" \/>\n<meta name=\"twitter:card\" content=\"summary_large_image\" \/>\n<meta name=\"twitter:label1\" content=\"Gesch\u00e4tzte Lesezeit\" \/>\n\t<meta name=\"twitter:data1\" content=\"1\u00a0Minute\" \/>\n<script type=\"application\/ld+json\" class=\"yoast-schema-graph\">{\"@context\":\"https:\/\/schema.org\",\"@graph\":[{\"@type\":\"WebPage\",\"@id\":\"https:\/\/kfv-pfarrkirchen.de\/wprs\/fischerpruefung\/\",\"url\":\"https:\/\/kfv-pfarrkirchen.de\/wprs\/fischerpruefung\/\",\"name\":\"Fischerkurs 2025 - kfv-pfarrkirchen\",\"isPartOf\":{\"@id\":\"http:\/\/kfv-pfarrkirchen.de\/wprs\/#website\"},\"datePublished\":\"2017-04-26T22:46:32+00:00\",\"dateModified\":\"2025-09-30T08:21:45+00:00\",\"breadcrumb\":{\"@id\":\"https:\/\/kfv-pfarrkirchen.de\/wprs\/fischerpruefung\/#breadcrumb\"},\"inLanguage\":\"de\",\"potentialAction\":[{\"@type\":\"ReadAction\",\"target\":[\"https:\/\/kfv-pfarrkirchen.de\/wprs\/fischerpruefung\/\"]}]},{\"@type\":\"BreadcrumbList\",\"@id\":\"https:\/\/kfv-pfarrkirchen.de\/wprs\/fischerpruefung\/#breadcrumb\",\"itemListElement\":[{\"@type\":\"ListItem\",\"position\":1,\"name\":\"Startseite\",\"item\":\"http:\/\/kfv-pfarrkirchen.de\/wprs\/\"},{\"@type\":\"ListItem\",\"position\":2,\"name\":\"Fischerkurs 2025\"}]},{\"@type\":\"WebSite\",\"@id\":\"http:\/\/kfv-pfarrkirchen.de\/wprs\/#website\",\"url\":\"http:\/\/kfv-pfarrkirchen.de\/wprs\/\",\"name\":\"kfv-pfarrkirchen\",\"description\":\"Fischen im Rottal\",\"potentialAction\":[{\"@type\":\"SearchAction\",\"target\":{\"@type\":\"EntryPoint\",\"urlTemplate\":\"http:\/\/kfv-pfarrkirchen.de\/wprs\/?s={search_term_string}\"},\"query-input\":{\"@type\":\"PropertyValueSpecification\",\"valueRequired\":true,\"valueName\":\"search_term_string\"}}],\"inLanguage\":\"de\"}]}<\/script>\n<!-- \/ Yoast SEO plugin. -->","yoast_head_json":{"title":"Fischerkurs 2025 - kfv-pfarrkirchen","robots":{"index":"index","follow":"follow","max-snippet":"max-snippet:-1","max-image-preview":"max-image-preview:large","max-video-preview":"max-video-preview:-1"},"canonical":"https:\/\/kfv-pfarrkirchen.de\/wprs\/fischerpruefung\/","og_locale":"de_DE","og_type":"article","og_title":"Fischerkurs 2025 - kfv-pfarrkirchen","og_description":"Neuer Vorbereitungslehrgang auf die Fischerpr\u00fcfung startet im Oktober 2025 Hierzu ist verbindlich die Teilnahme an der Info-Veranstaltung am 21.9.2025 im Fischkompetenzzentrum des Bezirksfischereivereines Eggenfelden, Lindhofstr. 45, 84307 Eggenfelden erforderlich. Die [&hellip;]","og_url":"https:\/\/kfv-pfarrkirchen.de\/wprs\/fischerpruefung\/","og_site_name":"kfv-pfarrkirchen","article_modified_time":"2025-09-30T08:21:45+00:00","twitter_card":"summary_large_image","twitter_misc":{"Gesch\u00e4tzte Lesezeit":"1\u00a0Minute"},"schema":{"@context":"https:\/\/schema.org","@graph":[{"@type":"WebPage","@id":"https:\/\/kfv-pfarrkirchen.de\/wprs\/fischerpruefung\/","url":"https:\/\/kfv-pfarrkirchen.de\/wprs\/fischerpruefung\/","name":"Fischerkurs 2025 - kfv-pfarrkirchen","isPartOf":{"@id":"http:\/\/kfv-pfarrkirchen.de\/wprs\/#website"},"datePublished":"2017-04-26T22:46:32+00:00","dateModified":"2025-09-30T08:21:45+00:00","breadcrumb":{"@id":"https:\/\/kfv-pfarrkirchen.de\/wprs\/fischerpruefung\/#breadcrumb"},"inLanguage":"de","potentialAction":[{"@type":"ReadAction","target":["https:\/\/kfv-pfarrkirchen.de\/wprs\/fischerpruefung\/"]}]},{"@type":"BreadcrumbList","@id":"https:\/\/kfv-pfarrkirchen.de\/wprs\/fischerpruefung\/#breadcrumb","itemListElement":[{"@type":"ListItem","position":1,"name":"Startseite","item":"http:\/\/kfv-pfarrkirchen.de\/wprs\/"},{"@type":"ListItem","position":2,"name":"Fischerkurs 2025"}]},{"@type":"WebSite","@id":"http:\/\/kfv-pfarrkirchen.de\/wprs\/#website","url":"http:\/\/kfv-pfarrkirchen.de\/wprs\/","name":"kfv-pfarrkirchen","description":"Fischen im Rottal","potentialAction":[{"@type":"SearchAction","target":{"@type":"EntryPoint","urlTemplate":"http:\/\/kfv-pfarrkirchen.de\/wprs\/?s={search_term_string}"},"query-input":{"@type":"PropertyValueSpecification","valueRequired":true,"valueName":"search_term_string"}}],"inLanguage":"de"}]}},"_links":{"self":[{"href":"https:\/\/kfv-pfarrkirchen.de\/wprs\/wp-json\/wp\/v2\/pages\/162","targetHints":{"allow":["GET"]}}],"collection":[{"href":"https:\/\/kfv-pfarrkirchen.de\/wprs\/wp-json\/wp\/v2\/pages"}],"about":[{"href":"https:\/\/kfv-pfarrkirchen.de\/wprs\/wp-json\/wp\/v2\/types\/page"}],"author":[{"embeddable":true,"href":"https:\/\/kfv-pfarrkirchen.de\/wprs\/wp-json\/wp\/v2\/users\/1"}],"replies":[{"embeddable":true,"href":"https:\/\/kfv-pfarrkirchen.de\/wprs\/wp-json\/wp\/v2\/comments?post=162"}],"version-history":[{"count":31,"href":"https:\/\/kfv-pfarrkirchen.de\/wprs\/wp-json\/wp\/v2\/pages\/162\/revisions"}],"predecessor-version":[{"id":3348,"href":"https:\/\/kfv-pfarrkirchen.de\/wprs\/wp-json\/wp\/v2\/pages\/162\/revisions\/3348"}],"wp:attachment":[{"href":"https:\/\/kfv-pfarrkirchen.de\/wprs\/wp-json\/wp\/v2\/media?parent=162"}],"curies":[{"name":"wp","href":"https:\/\/api.w.org\/{rel}","templated":true}]}}