{"id":1638,"date":"2017-09-09T11:52:47","date_gmt":"2017-09-09T09:52:47","guid":{"rendered":"http:\/\/kfv-pfarrkirchen.de\/wprs\/?page_id=1638"},"modified":"2017-11-19T14:25:24","modified_gmt":"2017-11-19T13:25:24","slug":"jugendfaenge-2017","status":"publish","type":"page","link":"https:\/\/kfv-pfarrkirchen.de\/wprs\/schonzeiten\/jugendfaenge-2017\/","title":{"rendered":"Jugendf\u00e4nge 2017"},"content":{"rendered":"<p>Bei uns z\u00e4hlen die Fische und nicht die Gr\u00f6\u00dfe und das Gewicht&#8230;<\/p>\n<p><img loading=\"lazy\" decoding=\"async\" class=\"alignnone size-medium wp-image-2060\" src=\"http:\/\/kfv-pfarrkirchen.de\/wprs\/wp-content\/uploads\/2017\/09\/IMG-20170617-WA0002-225x300.jpg\" alt=\"\" width=\"225\" height=\"300\" srcset=\"https:\/\/kfv-pfarrkirchen.de\/wprs\/wp-content\/uploads\/2017\/09\/IMG-20170617-WA0002-225x300.jpg 225w, https:\/\/kfv-pfarrkirchen.de\/wprs\/wp-content\/uploads\/2017\/09\/IMG-20170617-WA0002-768x1024.jpg 768w, https:\/\/kfv-pfarrkirchen.de\/wprs\/wp-content\/uploads\/2017\/09\/IMG-20170617-WA0002.jpg 960w\" sizes=\"auto, (max-width: 225px) 100vw, 225px\" \/> <img loading=\"lazy\" decoding=\"async\" class=\"alignnone size-medium wp-image-2061\" src=\"http:\/\/kfv-pfarrkirchen.de\/wprs\/wp-content\/uploads\/2017\/09\/IMG-20170708-WA0005-300x300.jpg\" alt=\"\" width=\"300\" height=\"300\" srcset=\"https:\/\/kfv-pfarrkirchen.de\/wprs\/wp-content\/uploads\/2017\/09\/IMG-20170708-WA0005-300x300.jpg 300w, https:\/\/kfv-pfarrkirchen.de\/wprs\/wp-content\/uploads\/2017\/09\/IMG-20170708-WA0005-150x150.jpg 150w, https:\/\/kfv-pfarrkirchen.de\/wprs\/wp-content\/uploads\/2017\/09\/IMG-20170708-WA0005-768x768.jpg 768w, https:\/\/kfv-pfarrkirchen.de\/wprs\/wp-content\/uploads\/2017\/09\/IMG-20170708-WA0005-1024x1024.jpg 1024w, https:\/\/kfv-pfarrkirchen.de\/wprs\/wp-content\/uploads\/2017\/09\/IMG-20170708-WA0005-50x50.jpg 50w, https:\/\/kfv-pfarrkirchen.de\/wprs\/wp-content\/uploads\/2017\/09\/IMG-20170708-WA0005.jpg 1280w\" sizes=\"auto, (max-width: 300px) 100vw, 300px\" \/> <img loading=\"lazy\" decoding=\"async\" class=\"alignnone size-medium wp-image-2062\" src=\"http:\/\/kfv-pfarrkirchen.de\/wprs\/wp-content\/uploads\/2017\/09\/IMG-20170709-WA0000-180x300.jpg\" alt=\"\" width=\"180\" height=\"300\" srcset=\"https:\/\/kfv-pfarrkirchen.de\/wprs\/wp-content\/uploads\/2017\/09\/IMG-20170709-WA0000-180x300.jpg 180w, https:\/\/kfv-pfarrkirchen.de\/wprs\/wp-content\/uploads\/2017\/09\/IMG-20170709-WA0000.jpg 768w, https:\/\/kfv-pfarrkirchen.de\/wprs\/wp-content\/uploads\/2017\/09\/IMG-20170709-WA0000-614x1024.jpg 614w\" sizes=\"auto, (max-width: 180px) 100vw, 180px\" \/> <img loading=\"lazy\" decoding=\"async\" class=\"alignnone size-medium wp-image-2063\" src=\"http:\/\/kfv-pfarrkirchen.de\/wprs\/wp-content\/uploads\/2017\/09\/IMG-20170709-WA0001-300x225.jpg\" alt=\"\" width=\"300\" height=\"225\" srcset=\"https:\/\/kfv-pfarrkirchen.de\/wprs\/wp-content\/uploads\/2017\/09\/IMG-20170709-WA0001-300x225.jpg 300w, https:\/\/kfv-pfarrkirchen.de\/wprs\/wp-content\/uploads\/2017\/09\/IMG-20170709-WA0001-768x576.jpg 768w, https:\/\/kfv-pfarrkirchen.de\/wprs\/wp-content\/uploads\/2017\/09\/IMG-20170709-WA0001-1024x768.jpg 1024w, https:\/\/kfv-pfarrkirchen.de\/wprs\/wp-content\/uploads\/2017\/09\/IMG-20170709-WA0001.jpg 1280w\" sizes=\"auto, (max-width: 300px) 100vw, 300px\" \/> <img loading=\"lazy\" decoding=\"async\" class=\"alignnone size-medium wp-image-2064\" src=\"http:\/\/kfv-pfarrkirchen.de\/wprs\/wp-content\/uploads\/2017\/09\/IMG-20170709-WA0003-300x169.jpg\" alt=\"\" width=\"300\" height=\"169\" srcset=\"https:\/\/kfv-pfarrkirchen.de\/wprs\/wp-content\/uploads\/2017\/09\/IMG-20170709-WA0003-300x169.jpg 300w, https:\/\/kfv-pfarrkirchen.de\/wprs\/wp-content\/uploads\/2017\/09\/IMG-20170709-WA0003-768x432.jpg 768w, https:\/\/kfv-pfarrkirchen.de\/wprs\/wp-content\/uploads\/2017\/09\/IMG-20170709-WA0003-1024x576.jpg 1024w, https:\/\/kfv-pfarrkirchen.de\/wprs\/wp-content\/uploads\/2017\/09\/IMG-20170709-WA0003.jpg 1280w\" sizes=\"auto, (max-width: 300px) 100vw, 300px\" \/> <img loading=\"lazy\" decoding=\"async\" class=\"alignnone size-medium wp-image-2065\" src=\"http:\/\/kfv-pfarrkirchen.de\/wprs\/wp-content\/uploads\/2017\/09\/IMG-20170709-WA0005-300x225.jpg\" alt=\"\" width=\"300\" height=\"225\" srcset=\"https:\/\/kfv-pfarrkirchen.de\/wprs\/wp-content\/uploads\/2017\/09\/IMG-20170709-WA0005-300x225.jpg 300w, https:\/\/kfv-pfarrkirchen.de\/wprs\/wp-content\/uploads\/2017\/09\/IMG-20170709-WA0005-768x576.jpg 768w, https:\/\/kfv-pfarrkirchen.de\/wprs\/wp-content\/uploads\/2017\/09\/IMG-20170709-WA0005-1024x768.jpg 1024w, https:\/\/kfv-pfarrkirchen.de\/wprs\/wp-content\/uploads\/2017\/09\/IMG-20170709-WA0005.jpg 1152w\" sizes=\"auto, (max-width: 300px) 100vw, 300px\" \/> <img loading=\"lazy\" decoding=\"async\" class=\"alignnone size-medium wp-image-2066\" src=\"http:\/\/kfv-pfarrkirchen.de\/wprs\/wp-content\/uploads\/2017\/09\/IMG-20170709-WA0007-300x225.jpg\" alt=\"\" width=\"300\" height=\"225\" srcset=\"https:\/\/kfv-pfarrkirchen.de\/wprs\/wp-content\/uploads\/2017\/09\/IMG-20170709-WA0007-300x225.jpg 300w, https:\/\/kfv-pfarrkirchen.de\/wprs\/wp-content\/uploads\/2017\/09\/IMG-20170709-WA0007-768x576.jpg 768w, https:\/\/kfv-pfarrkirchen.de\/wprs\/wp-content\/uploads\/2017\/09\/IMG-20170709-WA0007-1024x768.jpg 1024w, https:\/\/kfv-pfarrkirchen.de\/wprs\/wp-content\/uploads\/2017\/09\/IMG-20170709-WA0007.jpg 1280w\" sizes=\"auto, (max-width: 300px) 100vw, 300px\" \/> <img loading=\"lazy\" decoding=\"async\" class=\"alignnone size-medium wp-image-2067\" src=\"http:\/\/kfv-pfarrkirchen.de\/wprs\/wp-content\/uploads\/2017\/09\/IMG-20170709-WA0008-225x300.jpg\" alt=\"\" width=\"225\" height=\"300\" srcset=\"https:\/\/kfv-pfarrkirchen.de\/wprs\/wp-content\/uploads\/2017\/09\/IMG-20170709-WA0008-225x300.jpg 225w, https:\/\/kfv-pfarrkirchen.de\/wprs\/wp-content\/uploads\/2017\/09\/IMG-20170709-WA0008-768x1024.jpg 768w, https:\/\/kfv-pfarrkirchen.de\/wprs\/wp-content\/uploads\/2017\/09\/IMG-20170709-WA0008.jpg 774w\" sizes=\"auto, (max-width: 225px) 100vw, 225px\" \/> <img loading=\"lazy\" decoding=\"async\" class=\"alignnone size-medium wp-image-2068\" src=\"http:\/\/kfv-pfarrkirchen.de\/wprs\/wp-content\/uploads\/2017\/09\/IMG-20170709-WA0011-300x225.jpg\" alt=\"\" width=\"300\" height=\"225\" srcset=\"https:\/\/kfv-pfarrkirchen.de\/wprs\/wp-content\/uploads\/2017\/09\/IMG-20170709-WA0011-300x225.jpg 300w, https:\/\/kfv-pfarrkirchen.de\/wprs\/wp-content\/uploads\/2017\/09\/IMG-20170709-WA0011-768x576.jpg 768w, https:\/\/kfv-pfarrkirchen.de\/wprs\/wp-content\/uploads\/2017\/09\/IMG-20170709-WA0011-1024x768.jpg 1024w, https:\/\/kfv-pfarrkirchen.de\/wprs\/wp-content\/uploads\/2017\/09\/IMG-20170709-WA0011.jpg 1280w\" sizes=\"auto, (max-width: 300px) 100vw, 300px\" \/> <img loading=\"lazy\" decoding=\"async\" class=\"alignnone size-medium wp-image-2069\" src=\"http:\/\/kfv-pfarrkirchen.de\/wprs\/wp-content\/uploads\/2017\/09\/IMG-20170712-WA0000-169x300.jpg\" alt=\"\" width=\"169\" height=\"300\" srcset=\"https:\/\/kfv-pfarrkirchen.de\/wprs\/wp-content\/uploads\/2017\/09\/IMG-20170712-WA0000-169x300.jpg 169w, https:\/\/kfv-pfarrkirchen.de\/wprs\/wp-content\/uploads\/2017\/09\/IMG-20170712-WA0000-576x1024.jpg 576w, https:\/\/kfv-pfarrkirchen.de\/wprs\/wp-content\/uploads\/2017\/09\/IMG-20170712-WA0000.jpg 720w\" sizes=\"auto, (max-width: 169px) 100vw, 169px\" \/> <img loading=\"lazy\" decoding=\"async\" class=\"alignnone size-medium wp-image-2070\" src=\"http:\/\/kfv-pfarrkirchen.de\/wprs\/wp-content\/uploads\/2017\/09\/IMG-20170923-WA0003-300x168.jpg\" alt=\"\" width=\"300\" height=\"168\" srcset=\"https:\/\/kfv-pfarrkirchen.de\/wprs\/wp-content\/uploads\/2017\/09\/IMG-20170923-WA0003-300x168.jpg 300w, https:\/\/kfv-pfarrkirchen.de\/wprs\/wp-content\/uploads\/2017\/09\/IMG-20170923-WA0003-768x431.jpg 768w, https:\/\/kfv-pfarrkirchen.de\/wprs\/wp-content\/uploads\/2017\/09\/IMG-20170923-WA0003-1024x575.jpg 1024w, https:\/\/kfv-pfarrkirchen.de\/wprs\/wp-content\/uploads\/2017\/09\/IMG-20170923-WA0003.jpg 1040w\" sizes=\"auto, (max-width: 300px) 100vw, 300px\" \/> <img loading=\"lazy\" decoding=\"async\" class=\"alignnone size-medium wp-image-2071\" src=\"http:\/\/kfv-pfarrkirchen.de\/wprs\/wp-content\/uploads\/2017\/09\/IMG-20171101-WA0000-225x300.jpg\" alt=\"\" width=\"225\" height=\"300\" srcset=\"https:\/\/kfv-pfarrkirchen.de\/wprs\/wp-content\/uploads\/2017\/09\/IMG-20171101-WA0000-225x300.jpg 225w, https:\/\/kfv-pfarrkirchen.de\/wprs\/wp-content\/uploads\/2017\/09\/IMG-20171101-WA0000-768x1024.jpg 768w, https:\/\/kfv-pfarrkirchen.de\/wprs\/wp-content\/uploads\/2017\/09\/IMG-20171101-WA0000.jpg 960w\" sizes=\"auto, (max-width: 225px) 100vw, 225px\" \/> <img loading=\"lazy\" decoding=\"async\" class=\"alignnone size-medium wp-image-2072\" src=\"http:\/\/kfv-pfarrkirchen.de\/wprs\/wp-content\/uploads\/2017\/09\/IMG-20171101-WA0003-225x300.jpg\" alt=\"\" width=\"225\" height=\"300\" srcset=\"https:\/\/kfv-pfarrkirchen.de\/wprs\/wp-content\/uploads\/2017\/09\/IMG-20171101-WA0003-225x300.jpg 225w, https:\/\/kfv-pfarrkirchen.de\/wprs\/wp-content\/uploads\/2017\/09\/IMG-20171101-WA0003-768x1024.jpg 768w, https:\/\/kfv-pfarrkirchen.de\/wprs\/wp-content\/uploads\/2017\/09\/IMG-20171101-WA0003.jpg 960w\" sizes=\"auto, (max-width: 225px) 100vw, 225px\" \/> <img loading=\"lazy\" decoding=\"async\" class=\"alignnone size-medium wp-image-2073\" src=\"http:\/\/kfv-pfarrkirchen.de\/wprs\/wp-content\/uploads\/2017\/09\/IMG-20171105-WA0001-1-300x169.jpg\" alt=\"\" width=\"300\" height=\"169\" srcset=\"https:\/\/kfv-pfarrkirchen.de\/wprs\/wp-content\/uploads\/2017\/09\/IMG-20171105-WA0001-1-300x169.jpg 300w, https:\/\/kfv-pfarrkirchen.de\/wprs\/wp-content\/uploads\/2017\/09\/IMG-20171105-WA0001-1-768x432.jpg 768w, https:\/\/kfv-pfarrkirchen.de\/wprs\/wp-content\/uploads\/2017\/09\/IMG-20171105-WA0001-1-1024x576.jpg 1024w, https:\/\/kfv-pfarrkirchen.de\/wprs\/wp-content\/uploads\/2017\/09\/IMG-20171105-WA0001-1.jpg 1032w\" sizes=\"auto, (max-width: 300px) 100vw, 300px\" \/><img loading=\"lazy\" decoding=\"async\" class=\"alignnone size-medium wp-image-2053\" src=\"http:\/\/kfv-pfarrkirchen.de\/wprs\/wp-content\/uploads\/2017\/09\/IMG-20171101-WA0002-300x225.jpg\" alt=\"\" width=\"300\" height=\"225\" srcset=\"https:\/\/kfv-pfarrkirchen.de\/wprs\/wp-content\/uploads\/2017\/09\/IMG-20171101-WA0002-300x225.jpg 300w, https:\/\/kfv-pfarrkirchen.de\/wprs\/wp-content\/uploads\/2017\/09\/IMG-20171101-WA0002-768x576.jpg 768w, https:\/\/kfv-pfarrkirchen.de\/wprs\/wp-content\/uploads\/2017\/09\/IMG-20171101-WA0002-1024x768.jpg 1024w, https:\/\/kfv-pfarrkirchen.de\/wprs\/wp-content\/uploads\/2017\/09\/IMG-20171101-WA0002.jpg 1280w\" sizes=\"auto, (max-width: 300px) 100vw, 300px\" \/> <img loading=\"lazy\" decoding=\"async\" class=\"alignnone size-medium wp-image-2054\" src=\"http:\/\/kfv-pfarrkirchen.de\/wprs\/wp-content\/uploads\/2017\/09\/IMG-20171104-WA0000-300x300.jpg\" alt=\"\" width=\"300\" height=\"300\" srcset=\"https:\/\/kfv-pfarrkirchen.de\/wprs\/wp-content\/uploads\/2017\/09\/IMG-20171104-WA0000-300x300.jpg 300w, https:\/\/kfv-pfarrkirchen.de\/wprs\/wp-content\/uploads\/2017\/09\/IMG-20171104-WA0000-150x150.jpg 150w, https:\/\/kfv-pfarrkirchen.de\/wprs\/wp-content\/uploads\/2017\/09\/IMG-20171104-WA0000-768x768.jpg 768w, https:\/\/kfv-pfarrkirchen.de\/wprs\/wp-content\/uploads\/2017\/09\/IMG-20171104-WA0000-50x50.jpg 50w, https:\/\/kfv-pfarrkirchen.de\/wprs\/wp-content\/uploads\/2017\/09\/IMG-20171104-WA0000.jpg 774w\" sizes=\"auto, (max-width: 300px) 100vw, 300px\" \/> <img loading=\"lazy\" decoding=\"async\" class=\"alignnone size-medium wp-image-2055\" src=\"http:\/\/kfv-pfarrkirchen.de\/wprs\/wp-content\/uploads\/2017\/09\/IMG-20171105-WA0001-300x169.jpg\" alt=\"\" width=\"300\" height=\"169\" srcset=\"https:\/\/kfv-pfarrkirchen.de\/wprs\/wp-content\/uploads\/2017\/09\/IMG-20171105-WA0001-300x169.jpg 300w, https:\/\/kfv-pfarrkirchen.de\/wprs\/wp-content\/uploads\/2017\/09\/IMG-20171105-WA0001-768x432.jpg 768w, https:\/\/kfv-pfarrkirchen.de\/wprs\/wp-content\/uploads\/2017\/09\/IMG-20171105-WA0001-1024x576.jpg 1024w, https:\/\/kfv-pfarrkirchen.de\/wprs\/wp-content\/uploads\/2017\/09\/IMG-20171105-WA0001.jpg 1032w\" sizes=\"auto, (max-width: 300px) 100vw, 300px\" \/> <img loading=\"lazy\" decoding=\"async\" class=\"alignnone size-medium wp-image-2056\" src=\"http:\/\/kfv-pfarrkirchen.de\/wprs\/wp-content\/uploads\/2017\/09\/IMG-20171105-WA0005-300x169.jpg\" alt=\"\" width=\"300\" height=\"169\" srcset=\"https:\/\/kfv-pfarrkirchen.de\/wprs\/wp-content\/uploads\/2017\/09\/IMG-20171105-WA0005-300x169.jpg 300w, https:\/\/kfv-pfarrkirchen.de\/wprs\/wp-content\/uploads\/2017\/09\/IMG-20171105-WA0005-768x432.jpg 768w, https:\/\/kfv-pfarrkirchen.de\/wprs\/wp-content\/uploads\/2017\/09\/IMG-20171105-WA0005-1024x576.jpg 1024w, https:\/\/kfv-pfarrkirchen.de\/wprs\/wp-content\/uploads\/2017\/09\/IMG-20171105-WA0005.jpg 1280w\" sizes=\"auto, (max-width: 300px) 100vw, 300px\" \/> <img loading=\"lazy\" decoding=\"async\" class=\"alignnone size-medium wp-image-2057\" src=\"http:\/\/kfv-pfarrkirchen.de\/wprs\/wp-content\/uploads\/2017\/09\/IMG-20171105-WA0006-300x168.jpg\" alt=\"\" width=\"300\" height=\"168\" srcset=\"https:\/\/kfv-pfarrkirchen.de\/wprs\/wp-content\/uploads\/2017\/09\/IMG-20171105-WA0006-300x168.jpg 300w, https:\/\/kfv-pfarrkirchen.de\/wprs\/wp-content\/uploads\/2017\/09\/IMG-20171105-WA0006-768x431.jpg 768w, https:\/\/kfv-pfarrkirchen.de\/wprs\/wp-content\/uploads\/2017\/09\/IMG-20171105-WA0006-1024x575.jpg 1024w, https:\/\/kfv-pfarrkirchen.de\/wprs\/wp-content\/uploads\/2017\/09\/IMG-20171105-WA0006.jpg 1040w\" sizes=\"auto, (max-width: 300px) 100vw, 300px\" \/> <img loading=\"lazy\" decoding=\"async\" class=\"alignnone size-medium wp-image-2058\" src=\"http:\/\/kfv-pfarrkirchen.de\/wprs\/wp-content\/uploads\/2017\/09\/IMG-20171105-WA0009-168x300.jpg\" alt=\"\" width=\"168\" height=\"300\" srcset=\"https:\/\/kfv-pfarrkirchen.de\/wprs\/wp-content\/uploads\/2017\/09\/IMG-20171105-WA0009-168x300.jpg 168w, https:\/\/kfv-pfarrkirchen.de\/wprs\/wp-content\/uploads\/2017\/09\/IMG-20171105-WA0009-575x1024.jpg 575w, https:\/\/kfv-pfarrkirchen.de\/wprs\/wp-content\/uploads\/2017\/09\/IMG-20171105-WA0009.jpg 584w\" sizes=\"auto, (max-width: 168px) 100vw, 168px\" \/><img loading=\"lazy\" decoding=\"async\" class=\"alignnone size-medium wp-image-2046\" src=\"http:\/\/kfv-pfarrkirchen.de\/wprs\/wp-content\/uploads\/2017\/09\/IMG-20171101-WA0004-300x225.jpg\" alt=\"\" width=\"300\" height=\"225\" srcset=\"https:\/\/kfv-pfarrkirchen.de\/wprs\/wp-content\/uploads\/2017\/09\/IMG-20171101-WA0004-300x225.jpg 300w, https:\/\/kfv-pfarrkirchen.de\/wprs\/wp-content\/uploads\/2017\/09\/IMG-20171101-WA0004-768x576.jpg 768w, https:\/\/kfv-pfarrkirchen.de\/wprs\/wp-content\/uploads\/2017\/09\/IMG-20171101-WA0004-1024x768.jpg 1024w, https:\/\/kfv-pfarrkirchen.de\/wprs\/wp-content\/uploads\/2017\/09\/IMG-20171101-WA0004.jpg 1280w\" sizes=\"auto, (max-width: 300px) 100vw, 300px\" \/> <img loading=\"lazy\" decoding=\"async\" class=\"alignnone size-medium wp-image-2047\" src=\"http:\/\/kfv-pfarrkirchen.de\/wprs\/wp-content\/uploads\/2017\/09\/IMG-20171104-WA0011-169x300.jpg\" alt=\"\" width=\"169\" height=\"300\" srcset=\"https:\/\/kfv-pfarrkirchen.de\/wprs\/wp-content\/uploads\/2017\/09\/IMG-20171104-WA0011-169x300.jpg 169w, https:\/\/kfv-pfarrkirchen.de\/wprs\/wp-content\/uploads\/2017\/09\/IMG-20171104-WA0011-576x1024.jpg 576w, https:\/\/kfv-pfarrkirchen.de\/wprs\/wp-content\/uploads\/2017\/09\/IMG-20171104-WA0011.jpg 720w\" sizes=\"auto, (max-width: 169px) 100vw, 169px\" \/> <img loading=\"lazy\" decoding=\"async\" class=\"alignnone size-medium wp-image-2048\" src=\"http:\/\/kfv-pfarrkirchen.de\/wprs\/wp-content\/uploads\/2017\/09\/IMG-20171105-WA0002-300x183.jpg\" alt=\"\" width=\"300\" height=\"183\" srcset=\"https:\/\/kfv-pfarrkirchen.de\/wprs\/wp-content\/uploads\/2017\/09\/IMG-20171105-WA0002-300x183.jpg 300w, https:\/\/kfv-pfarrkirchen.de\/wprs\/wp-content\/uploads\/2017\/09\/IMG-20171105-WA0002.jpg 720w\" sizes=\"auto, (max-width: 300px) 100vw, 300px\" \/> <img loading=\"lazy\" decoding=\"async\" class=\"alignnone size-medium wp-image-2049\" src=\"http:\/\/kfv-pfarrkirchen.de\/wprs\/wp-content\/uploads\/2017\/09\/IMG-20171105-WA0003-225x300.jpg\" alt=\"\" width=\"225\" height=\"300\" srcset=\"https:\/\/kfv-pfarrkirchen.de\/wprs\/wp-content\/uploads\/2017\/09\/IMG-20171105-WA0003-225x300.jpg 225w, https:\/\/kfv-pfarrkirchen.de\/wprs\/wp-content\/uploads\/2017\/09\/IMG-20171105-WA0003-768x1024.jpg 768w, https:\/\/kfv-pfarrkirchen.de\/wprs\/wp-content\/uploads\/2017\/09\/IMG-20171105-WA0003.jpg 960w\" sizes=\"auto, (max-width: 225px) 100vw, 225px\" \/> <img loading=\"lazy\" decoding=\"async\" class=\"alignnone size-medium wp-image-2050\" src=\"http:\/\/kfv-pfarrkirchen.de\/wprs\/wp-content\/uploads\/2017\/09\/IMG-20171105-WA0007-168x300.jpg\" alt=\"\" width=\"168\" height=\"300\" srcset=\"https:\/\/kfv-pfarrkirchen.de\/wprs\/wp-content\/uploads\/2017\/09\/IMG-20171105-WA0007-168x300.jpg 168w, https:\/\/kfv-pfarrkirchen.de\/wprs\/wp-content\/uploads\/2017\/09\/IMG-20171105-WA0007-575x1024.jpg 575w, https:\/\/kfv-pfarrkirchen.de\/wprs\/wp-content\/uploads\/2017\/09\/IMG-20171105-WA0007.jpg 584w\" sizes=\"auto, (max-width: 168px) 100vw, 168px\" \/> <img loading=\"lazy\" decoding=\"async\" class=\"alignnone size-medium wp-image-2051\" src=\"http:\/\/kfv-pfarrkirchen.de\/wprs\/wp-content\/uploads\/2017\/09\/IMG-20171105-WA0008-300x169.jpg\" alt=\"\" width=\"300\" height=\"169\" srcset=\"https:\/\/kfv-pfarrkirchen.de\/wprs\/wp-content\/uploads\/2017\/09\/IMG-20171105-WA0008-300x169.jpg 300w, https:\/\/kfv-pfarrkirchen.de\/wprs\/wp-content\/uploads\/2017\/09\/IMG-20171105-WA0008-768x432.jpg 768w, https:\/\/kfv-pfarrkirchen.de\/wprs\/wp-content\/uploads\/2017\/09\/IMG-20171105-WA0008-1024x576.jpg 1024w, https:\/\/kfv-pfarrkirchen.de\/wprs\/wp-content\/uploads\/2017\/09\/IMG-20171105-WA0008.jpg 1280w\" sizes=\"auto, (max-width: 300px) 100vw, 300px\" \/><\/p>\n","protected":false},"excerpt":{"rendered":"<p>Bei uns z\u00e4hlen die Fische und nicht die Gr\u00f6\u00dfe und das Gewicht&#8230;<\/p>\n","protected":false},"author":1,"featured_media":0,"parent":158,"menu_order":0,"comment_status":"closed","ping_status":"closed","template":"","meta":{"footnotes":""},"class_list":["post-1638","page","type-page","status-publish","hentry"],"yoast_head":"<!-- This site is optimized with the Yoast SEO plugin v26.8 - https:\/\/yoast.com\/product\/yoast-seo-wordpress\/ -->\n<title>Jugendf\u00e4nge 2017 - kfv-pfarrkirchen<\/title>\n<meta name=\"robots\" content=\"index, follow, max-snippet:-1, max-image-preview:large, max-video-preview:-1\" \/>\n<link rel=\"canonical\" href=\"https:\/\/kfv-pfarrkirchen.de\/wprs\/schonzeiten\/jugendfaenge-2017\/\" \/>\n<meta property=\"og:locale\" content=\"de_DE\" \/>\n<meta property=\"og:type\" content=\"article\" \/>\n<meta property=\"og:title\" content=\"Jugendf\u00e4nge 2017 - kfv-pfarrkirchen\" \/>\n<meta property=\"og:description\" content=\"Bei uns z\u00e4hlen die Fische und nicht die Gr\u00f6\u00dfe und das Gewicht&#8230;\" \/>\n<meta property=\"og:url\" content=\"https:\/\/kfv-pfarrkirchen.de\/wprs\/schonzeiten\/jugendfaenge-2017\/\" \/>\n<meta property=\"og:site_name\" content=\"kfv-pfarrkirchen\" \/>\n<meta property=\"article:modified_time\" content=\"2017-11-19T13:25:24+00:00\" \/>\n<meta property=\"og:image\" content=\"http:\/\/kfv-pfarrkirchen.de\/wprs\/wp-content\/uploads\/2017\/09\/IMG-20170617-WA0002-225x300.jpg\" \/>\n<meta name=\"twitter:card\" content=\"summary_large_image\" \/>\n<script type=\"application\/ld+json\" class=\"yoast-schema-graph\">{\"@context\":\"https:\/\/schema.org\",\"@graph\":[{\"@type\":\"WebPage\",\"@id\":\"https:\/\/kfv-pfarrkirchen.de\/wprs\/schonzeiten\/jugendfaenge-2017\/\",\"url\":\"https:\/\/kfv-pfarrkirchen.de\/wprs\/schonzeiten\/jugendfaenge-2017\/\",\"name\":\"Jugendf\u00e4nge 2017 - kfv-pfarrkirchen\",\"isPartOf\":{\"@id\":\"https:\/\/kfv-pfarrkirchen.de\/wprs\/#website\"},\"primaryImageOfPage\":{\"@id\":\"https:\/\/kfv-pfarrkirchen.de\/wprs\/schonzeiten\/jugendfaenge-2017\/#primaryimage\"},\"image\":{\"@id\":\"https:\/\/kfv-pfarrkirchen.de\/wprs\/schonzeiten\/jugendfaenge-2017\/#primaryimage\"},\"thumbnailUrl\":\"http:\/\/kfv-pfarrkirchen.de\/wprs\/wp-content\/uploads\/2017\/09\/IMG-20170617-WA0002-225x300.jpg\",\"datePublished\":\"2017-09-09T09:52:47+00:00\",\"dateModified\":\"2017-11-19T13:25:24+00:00\",\"breadcrumb\":{\"@id\":\"https:\/\/kfv-pfarrkirchen.de\/wprs\/schonzeiten\/jugendfaenge-2017\/#breadcrumb\"},\"inLanguage\":\"de\",\"potentialAction\":[{\"@type\":\"ReadAction\",\"target\":[\"https:\/\/kfv-pfarrkirchen.de\/wprs\/schonzeiten\/jugendfaenge-2017\/\"]}]},{\"@type\":\"ImageObject\",\"inLanguage\":\"de\",\"@id\":\"https:\/\/kfv-pfarrkirchen.de\/wprs\/schonzeiten\/jugendfaenge-2017\/#primaryimage\",\"url\":\"https:\/\/kfv-pfarrkirchen.de\/wprs\/wp-content\/uploads\/2017\/09\/IMG-20170617-WA0002.jpg\",\"contentUrl\":\"https:\/\/kfv-pfarrkirchen.de\/wprs\/wp-content\/uploads\/2017\/09\/IMG-20170617-WA0002.jpg\",\"width\":960,\"height\":1280},{\"@type\":\"BreadcrumbList\",\"@id\":\"https:\/\/kfv-pfarrkirchen.de\/wprs\/schonzeiten\/jugendfaenge-2017\/#breadcrumb\",\"itemListElement\":[{\"@type\":\"ListItem\",\"position\":1,\"name\":\"Startseite\",\"item\":\"https:\/\/kfv-pfarrkirchen.de\/wprs\/\"},{\"@type\":\"ListItem\",\"position\":2,\"name\":\"Jugendprogramm 2026\",\"item\":\"https:\/\/kfv-pfarrkirchen.de\/wprs\/schonzeiten\/\"},{\"@type\":\"ListItem\",\"position\":3,\"name\":\"Jugendf\u00e4nge 2017\"}]},{\"@type\":\"WebSite\",\"@id\":\"https:\/\/kfv-pfarrkirchen.de\/wprs\/#website\",\"url\":\"https:\/\/kfv-pfarrkirchen.de\/wprs\/\",\"name\":\"kfv-pfarrkirchen\",\"description\":\"Fischen im Rottal\",\"potentialAction\":[{\"@type\":\"SearchAction\",\"target\":{\"@type\":\"EntryPoint\",\"urlTemplate\":\"https:\/\/kfv-pfarrkirchen.de\/wprs\/?s={search_term_string}\"},\"query-input\":{\"@type\":\"PropertyValueSpecification\",\"valueRequired\":true,\"valueName\":\"search_term_string\"}}],\"inLanguage\":\"de\"}]}<\/script>\n<!-- \/ Yoast SEO plugin. -->","yoast_head_json":{"title":"Jugendf\u00e4nge 2017 - kfv-pfarrkirchen","robots":{"index":"index","follow":"follow","max-snippet":"max-snippet:-1","max-image-preview":"max-image-preview:large","max-video-preview":"max-video-preview:-1"},"canonical":"https:\/\/kfv-pfarrkirchen.de\/wprs\/schonzeiten\/jugendfaenge-2017\/","og_locale":"de_DE","og_type":"article","og_title":"Jugendf\u00e4nge 2017 - kfv-pfarrkirchen","og_description":"Bei uns z\u00e4hlen die Fische und nicht die Gr\u00f6\u00dfe und das Gewicht&#8230;","og_url":"https:\/\/kfv-pfarrkirchen.de\/wprs\/schonzeiten\/jugendfaenge-2017\/","og_site_name":"kfv-pfarrkirchen","article_modified_time":"2017-11-19T13:25:24+00:00","og_image":[{"url":"http:\/\/kfv-pfarrkirchen.de\/wprs\/wp-content\/uploads\/2017\/09\/IMG-20170617-WA0002-225x300.jpg","type":"","width":"","height":""}],"twitter_card":"summary_large_image","schema":{"@context":"https:\/\/schema.org","@graph":[{"@type":"WebPage","@id":"https:\/\/kfv-pfarrkirchen.de\/wprs\/schonzeiten\/jugendfaenge-2017\/","url":"https:\/\/kfv-pfarrkirchen.de\/wprs\/schonzeiten\/jugendfaenge-2017\/","name":"Jugendf\u00e4nge 2017 - kfv-pfarrkirchen","isPartOf":{"@id":"https:\/\/kfv-pfarrkirchen.de\/wprs\/#website"},"primaryImageOfPage":{"@id":"https:\/\/kfv-pfarrkirchen.de\/wprs\/schonzeiten\/jugendfaenge-2017\/#primaryimage"},"image":{"@id":"https:\/\/kfv-pfarrkirchen.de\/wprs\/schonzeiten\/jugendfaenge-2017\/#primaryimage"},"thumbnailUrl":"http:\/\/kfv-pfarrkirchen.de\/wprs\/wp-content\/uploads\/2017\/09\/IMG-20170617-WA0002-225x300.jpg","datePublished":"2017-09-09T09:52:47+00:00","dateModified":"2017-11-19T13:25:24+00:00","breadcrumb":{"@id":"https:\/\/kfv-pfarrkirchen.de\/wprs\/schonzeiten\/jugendfaenge-2017\/#breadcrumb"},"inLanguage":"de","potentialAction":[{"@type":"ReadAction","target":["https:\/\/kfv-pfarrkirchen.de\/wprs\/schonzeiten\/jugendfaenge-2017\/"]}]},{"@type":"ImageObject","inLanguage":"de","@id":"https:\/\/kfv-pfarrkirchen.de\/wprs\/schonzeiten\/jugendfaenge-2017\/#primaryimage","url":"https:\/\/kfv-pfarrkirchen.de\/wprs\/wp-content\/uploads\/2017\/09\/IMG-20170617-WA0002.jpg","contentUrl":"https:\/\/kfv-pfarrkirchen.de\/wprs\/wp-content\/uploads\/2017\/09\/IMG-20170617-WA0002.jpg","width":960,"height":1280},{"@type":"BreadcrumbList","@id":"https:\/\/kfv-pfarrkirchen.de\/wprs\/schonzeiten\/jugendfaenge-2017\/#breadcrumb","itemListElement":[{"@type":"ListItem","position":1,"name":"Startseite","item":"https:\/\/kfv-pfarrkirchen.de\/wprs\/"},{"@type":"ListItem","position":2,"name":"Jugendprogramm 2026","item":"https:\/\/kfv-pfarrkirchen.de\/wprs\/schonzeiten\/"},{"@type":"ListItem","position":3,"name":"Jugendf\u00e4nge 2017"}]},{"@type":"WebSite","@id":"https:\/\/kfv-pfarrkirchen.de\/wprs\/#website","url":"https:\/\/kfv-pfarrkirchen.de\/wprs\/","name":"kfv-pfarrkirchen","description":"Fischen im Rottal","potentialAction":[{"@type":"SearchAction","target":{"@type":"EntryPoint","urlTemplate":"https:\/\/kfv-pfarrkirchen.de\/wprs\/?s={search_term_string}"},"query-input":{"@type":"PropertyValueSpecification","valueRequired":true,"valueName":"search_term_string"}}],"inLanguage":"de"}]}},"_links":{"self":[{"href":"https:\/\/kfv-pfarrkirchen.de\/wprs\/wp-json\/wp\/v2\/pages\/1638","targetHints":{"allow":["GET"]}}],"collection":[{"href":"https:\/\/kfv-pfarrkirchen.de\/wprs\/wp-json\/wp\/v2\/pages"}],"about":[{"href":"https:\/\/kfv-pfarrkirchen.de\/wprs\/wp-json\/wp\/v2\/types\/page"}],"author":[{"embeddable":true,"href":"https:\/\/kfv-pfarrkirchen.de\/wprs\/wp-json\/wp\/v2\/users\/1"}],"replies":[{"embeddable":true,"href":"https:\/\/kfv-pfarrkirchen.de\/wprs\/wp-json\/wp\/v2\/comments?post=1638"}],"version-history":[{"count":7,"href":"https:\/\/kfv-pfarrkirchen.de\/wprs\/wp-json\/wp\/v2\/pages\/1638\/revisions"}],"predecessor-version":[{"id":2076,"href":"https:\/\/kfv-pfarrkirchen.de\/wprs\/wp-json\/wp\/v2\/pages\/1638\/revisions\/2076"}],"up":[{"embeddable":true,"href":"https:\/\/kfv-pfarrkirchen.de\/wprs\/wp-json\/wp\/v2\/pages\/158"}],"wp:attachment":[{"href":"https:\/\/kfv-pfarrkirchen.de\/wprs\/wp-json\/wp\/v2\/media?parent=1638"}],"curies":[{"name":"wp","href":"https:\/\/api.w.org\/{rel}","templated":true}]}}