{"id":2225,"date":"2018-04-10T20:43:31","date_gmt":"2018-04-10T18:43:31","guid":{"rendered":"http:\/\/kfv-pfarrkirchen.de\/wprs\/?page_id=2225"},"modified":"2018-11-10T10:29:35","modified_gmt":"2018-11-10T09:29:35","slug":"jugendveranstaltungen-2018","status":"publish","type":"page","link":"https:\/\/kfv-pfarrkirchen.de\/wprs\/schonzeiten\/jugendveranstaltungen-2018\/","title":{"rendered":"Jugendveranstaltungen 2018"},"content":{"rendered":"<h1 style=\"text-align: center;\">Unser Fischerjahr 2018<\/h1>\n<h2 style=\"text-align: center;\">Vergleichsfischen mit der Fischerjugend Simbach am 12. Mai<\/h2>\n<p style=\"text-align: center;\">Auch dieses Jahr fischten wir wieder gemeinsam mit der Jugend Simbach, da wir unsere Freundschaften mit anderen Vereinen pflegen. Trotz des wundersch\u00f6nen Wetters hatten die Jugendlichen wenig Gl\u00fcck, lediglich Leonie fing wieder einen Aal mit \u00fcber 70 cm. Sp\u00e4ter lie\u00dfen wir den Tag mit einem gemeinsamen Grillen und Essen ausklingen. Daf\u00fcr m\u00f6chten wir uns herzlich bei dem Fischereiverein und den Jugendwart Simbach bedanken.<\/p>\n<p><img loading=\"lazy\" decoding=\"async\" class=\"alignnone size-medium wp-image-2282\" src=\"http:\/\/kfv-pfarrkirchen.de\/wprs\/wp-content\/uploads\/2018\/06\/IMG_2337-300x200.jpg\" alt=\"\" width=\"300\" height=\"200\" srcset=\"https:\/\/kfv-pfarrkirchen.de\/wprs\/wp-content\/uploads\/2018\/06\/IMG_2337-300x200.jpg 300w, https:\/\/kfv-pfarrkirchen.de\/wprs\/wp-content\/uploads\/2018\/06\/IMG_2337-768x512.jpg 768w, https:\/\/kfv-pfarrkirchen.de\/wprs\/wp-content\/uploads\/2018\/06\/IMG_2337-1024x683.jpg 1024w\" sizes=\"auto, (max-width: 300px) 100vw, 300px\" \/> <img loading=\"lazy\" decoding=\"async\" class=\"alignnone size-medium wp-image-2283\" src=\"http:\/\/kfv-pfarrkirchen.de\/wprs\/wp-content\/uploads\/2018\/06\/IMG_2338-300x200.jpg\" alt=\"\" width=\"300\" height=\"200\" srcset=\"https:\/\/kfv-pfarrkirchen.de\/wprs\/wp-content\/uploads\/2018\/06\/IMG_2338-300x200.jpg 300w, https:\/\/kfv-pfarrkirchen.de\/wprs\/wp-content\/uploads\/2018\/06\/IMG_2338-768x512.jpg 768w, https:\/\/kfv-pfarrkirchen.de\/wprs\/wp-content\/uploads\/2018\/06\/IMG_2338-1024x683.jpg 1024w\" sizes=\"auto, (max-width: 300px) 100vw, 300px\" \/><\/p>\n<p>&nbsp;<\/p>\n<p><img loading=\"lazy\" decoding=\"async\" class=\"alignnone size-medium wp-image-2284\" src=\"http:\/\/kfv-pfarrkirchen.de\/wprs\/wp-content\/uploads\/2018\/06\/IMG_2339-300x200.jpg\" alt=\"\" width=\"300\" height=\"200\" srcset=\"https:\/\/kfv-pfarrkirchen.de\/wprs\/wp-content\/uploads\/2018\/06\/IMG_2339-300x200.jpg 300w, https:\/\/kfv-pfarrkirchen.de\/wprs\/wp-content\/uploads\/2018\/06\/IMG_2339-768x512.jpg 768w, https:\/\/kfv-pfarrkirchen.de\/wprs\/wp-content\/uploads\/2018\/06\/IMG_2339-1024x683.jpg 1024w\" sizes=\"auto, (max-width: 300px) 100vw, 300px\" \/> <img loading=\"lazy\" decoding=\"async\" class=\"alignnone size-medium wp-image-2285\" src=\"http:\/\/kfv-pfarrkirchen.de\/wprs\/wp-content\/uploads\/2018\/06\/IMG_2341-300x200.jpg\" alt=\"\" width=\"300\" height=\"200\" srcset=\"https:\/\/kfv-pfarrkirchen.de\/wprs\/wp-content\/uploads\/2018\/06\/IMG_2341-300x200.jpg 300w, https:\/\/kfv-pfarrkirchen.de\/wprs\/wp-content\/uploads\/2018\/06\/IMG_2341-768x512.jpg 768w, https:\/\/kfv-pfarrkirchen.de\/wprs\/wp-content\/uploads\/2018\/06\/IMG_2341-1024x683.jpg 1024w\" sizes=\"auto, (max-width: 300px) 100vw, 300px\" \/><\/p>\n<h2 style=\"text-align: center;\">Feederkurs am Stausee Postm\u00fcnster am 22. April<\/h2>\n<p style=\"text-align: center;\">Auch dieses Jahr f\u00fchrte Heinrich Abtmeier mit Unterst\u00fctzung von Dominik vom Drescher Team wieder einen Kurs zum Thema Feedern durch. Die Jugendlichen zeigten daf\u00fcr gro\u00dfes Interesse. Den Erfolg des Kurses zeigte sich dann auch an den F\u00e4ngen der Jungfischer.<\/p>\n<p><img loading=\"lazy\" decoding=\"async\" class=\"alignnone size-medium wp-image-2287\" src=\"http:\/\/kfv-pfarrkirchen.de\/wprs\/wp-content\/uploads\/2018\/06\/IMG_2254-300x200.jpg\" alt=\"\" width=\"300\" height=\"200\" srcset=\"https:\/\/kfv-pfarrkirchen.de\/wprs\/wp-content\/uploads\/2018\/06\/IMG_2254-300x200.jpg 300w, https:\/\/kfv-pfarrkirchen.de\/wprs\/wp-content\/uploads\/2018\/06\/IMG_2254-768x512.jpg 768w, https:\/\/kfv-pfarrkirchen.de\/wprs\/wp-content\/uploads\/2018\/06\/IMG_2254-1024x683.jpg 1024w\" sizes=\"auto, (max-width: 300px) 100vw, 300px\" \/> <img loading=\"lazy\" decoding=\"async\" class=\"alignnone size-medium wp-image-2288\" src=\"http:\/\/kfv-pfarrkirchen.de\/wprs\/wp-content\/uploads\/2018\/06\/IMG_2256-300x200.jpg\" alt=\"\" width=\"300\" height=\"200\" srcset=\"https:\/\/kfv-pfarrkirchen.de\/wprs\/wp-content\/uploads\/2018\/06\/IMG_2256-300x200.jpg 300w, https:\/\/kfv-pfarrkirchen.de\/wprs\/wp-content\/uploads\/2018\/06\/IMG_2256-768x512.jpg 768w, https:\/\/kfv-pfarrkirchen.de\/wprs\/wp-content\/uploads\/2018\/06\/IMG_2256-1024x683.jpg 1024w\" sizes=\"auto, (max-width: 300px) 100vw, 300px\" \/> <img loading=\"lazy\" decoding=\"async\" class=\"alignnone size-medium wp-image-2289\" src=\"http:\/\/kfv-pfarrkirchen.de\/wprs\/wp-content\/uploads\/2018\/06\/IMG_2259-300x200.jpg\" alt=\"\" width=\"300\" height=\"200\" srcset=\"https:\/\/kfv-pfarrkirchen.de\/wprs\/wp-content\/uploads\/2018\/06\/IMG_2259-300x200.jpg 300w, https:\/\/kfv-pfarrkirchen.de\/wprs\/wp-content\/uploads\/2018\/06\/IMG_2259-768x512.jpg 768w, https:\/\/kfv-pfarrkirchen.de\/wprs\/wp-content\/uploads\/2018\/06\/IMG_2259-1024x683.jpg 1024w\" sizes=\"auto, (max-width: 300px) 100vw, 300px\" \/> <img loading=\"lazy\" decoding=\"async\" class=\"alignnone size-medium wp-image-2290\" src=\"http:\/\/kfv-pfarrkirchen.de\/wprs\/wp-content\/uploads\/2018\/06\/IMG_2264-300x200.jpg\" alt=\"\" width=\"300\" height=\"200\" srcset=\"https:\/\/kfv-pfarrkirchen.de\/wprs\/wp-content\/uploads\/2018\/06\/IMG_2264-300x200.jpg 300w, https:\/\/kfv-pfarrkirchen.de\/wprs\/wp-content\/uploads\/2018\/06\/IMG_2264-768x512.jpg 768w, https:\/\/kfv-pfarrkirchen.de\/wprs\/wp-content\/uploads\/2018\/06\/IMG_2264-1024x683.jpg 1024w\" sizes=\"auto, (max-width: 300px) 100vw, 300px\" \/> <img loading=\"lazy\" decoding=\"async\" class=\"alignnone size-medium wp-image-2291\" src=\"http:\/\/kfv-pfarrkirchen.de\/wprs\/wp-content\/uploads\/2018\/06\/IMG_2265-300x200.jpg\" alt=\"\" width=\"300\" height=\"200\" srcset=\"https:\/\/kfv-pfarrkirchen.de\/wprs\/wp-content\/uploads\/2018\/06\/IMG_2265-300x200.jpg 300w, https:\/\/kfv-pfarrkirchen.de\/wprs\/wp-content\/uploads\/2018\/06\/IMG_2265-768x512.jpg 768w, https:\/\/kfv-pfarrkirchen.de\/wprs\/wp-content\/uploads\/2018\/06\/IMG_2265-1024x683.jpg 1024w\" sizes=\"auto, (max-width: 300px) 100vw, 300px\" \/> <img loading=\"lazy\" decoding=\"async\" class=\"alignnone wp-image-2292 \" src=\"http:\/\/kfv-pfarrkirchen.de\/wprs\/wp-content\/uploads\/2018\/06\/IMG_2267-e1541842158249-200x300.jpg\" alt=\"\" width=\"185\" height=\"278\" srcset=\"https:\/\/kfv-pfarrkirchen.de\/wprs\/wp-content\/uploads\/2018\/06\/IMG_2267-e1541842158249-200x300.jpg 200w, https:\/\/kfv-pfarrkirchen.de\/wprs\/wp-content\/uploads\/2018\/06\/IMG_2267-e1541842158249-768x1152.jpg 768w, https:\/\/kfv-pfarrkirchen.de\/wprs\/wp-content\/uploads\/2018\/06\/IMG_2267-e1541842158249-683x1024.jpg 683w\" sizes=\"auto, (max-width: 185px) 100vw, 185px\" \/> <img loading=\"lazy\" decoding=\"async\" class=\"alignnone size-medium wp-image-2293\" src=\"http:\/\/kfv-pfarrkirchen.de\/wprs\/wp-content\/uploads\/2018\/06\/IMG_2268-300x200.jpg\" alt=\"\" width=\"300\" height=\"200\" srcset=\"https:\/\/kfv-pfarrkirchen.de\/wprs\/wp-content\/uploads\/2018\/06\/IMG_2268-300x200.jpg 300w, https:\/\/kfv-pfarrkirchen.de\/wprs\/wp-content\/uploads\/2018\/06\/IMG_2268-768x512.jpg 768w, https:\/\/kfv-pfarrkirchen.de\/wprs\/wp-content\/uploads\/2018\/06\/IMG_2268-1024x683.jpg 1024w\" sizes=\"auto, (max-width: 300px) 100vw, 300px\" \/> <img loading=\"lazy\" decoding=\"async\" class=\"alignnone size-medium wp-image-2294\" src=\"http:\/\/kfv-pfarrkirchen.de\/wprs\/wp-content\/uploads\/2018\/06\/IMG_2270-300x200.jpg\" alt=\"\" width=\"300\" height=\"200\" srcset=\"https:\/\/kfv-pfarrkirchen.de\/wprs\/wp-content\/uploads\/2018\/06\/IMG_2270-300x200.jpg 300w, https:\/\/kfv-pfarrkirchen.de\/wprs\/wp-content\/uploads\/2018\/06\/IMG_2270-768x512.jpg 768w, https:\/\/kfv-pfarrkirchen.de\/wprs\/wp-content\/uploads\/2018\/06\/IMG_2270-1024x683.jpg 1024w\" sizes=\"auto, (max-width: 300px) 100vw, 300px\" \/> <img loading=\"lazy\" decoding=\"async\" class=\"alignnone size-medium wp-image-2295\" src=\"http:\/\/kfv-pfarrkirchen.de\/wprs\/wp-content\/uploads\/2018\/06\/IMG_2272-300x200.jpg\" alt=\"\" width=\"300\" height=\"200\" srcset=\"https:\/\/kfv-pfarrkirchen.de\/wprs\/wp-content\/uploads\/2018\/06\/IMG_2272-300x200.jpg 300w, https:\/\/kfv-pfarrkirchen.de\/wprs\/wp-content\/uploads\/2018\/06\/IMG_2272-768x512.jpg 768w, https:\/\/kfv-pfarrkirchen.de\/wprs\/wp-content\/uploads\/2018\/06\/IMG_2272-1024x683.jpg 1024w\" sizes=\"auto, (max-width: 300px) 100vw, 300px\" \/><\/p>\n<h2 style=\"text-align: center;\">Fischen an der Rott Hebertsfelden am 08. April<\/h2>\n<p style=\"text-align: center;\">Das neue Fischerjahr 2018 starteten wir erfolgreich an der Rott Hebertsfelden mit neuem Zuwachs in unserer Jugendgruppe. Durch die ersten Sonnenstrahlen wurden nicht nur wir, sondern auch die Fische aktiv. Die Jugendlichen fingen an diesem sch\u00f6nen Tag Karpfen, Barsche, Forellen, Aitel, Saiblinge und Rotaugen. Der Start in das neue Jahr war ein voller Erfolg.<img loading=\"lazy\" decoding=\"async\" class=\"aligncenter wp-image-2231 size-medium\" src=\"http:\/\/kfv-pfarrkirchen.de\/wprs\/wp-content\/uploads\/2018\/04\/IMG_2215-300x200.jpg\" alt=\"\" width=\"300\" height=\"200\" srcset=\"https:\/\/kfv-pfarrkirchen.de\/wprs\/wp-content\/uploads\/2018\/04\/IMG_2215-300x200.jpg 300w, https:\/\/kfv-pfarrkirchen.de\/wprs\/wp-content\/uploads\/2018\/04\/IMG_2215-768x512.jpg 768w, https:\/\/kfv-pfarrkirchen.de\/wprs\/wp-content\/uploads\/2018\/04\/IMG_2215-1024x683.jpg 1024w\" sizes=\"auto, (max-width: 300px) 100vw, 300px\" \/> <img loading=\"lazy\" decoding=\"async\" class=\"alignnone size-medium wp-image-2232\" src=\"http:\/\/kfv-pfarrkirchen.de\/wprs\/wp-content\/uploads\/2018\/04\/IMG_2219-300x200.jpg\" alt=\"\" width=\"300\" height=\"200\" srcset=\"https:\/\/kfv-pfarrkirchen.de\/wprs\/wp-content\/uploads\/2018\/04\/IMG_2219-300x200.jpg 300w, https:\/\/kfv-pfarrkirchen.de\/wprs\/wp-content\/uploads\/2018\/04\/IMG_2219-768x512.jpg 768w, https:\/\/kfv-pfarrkirchen.de\/wprs\/wp-content\/uploads\/2018\/04\/IMG_2219-1024x683.jpg 1024w\" sizes=\"auto, (max-width: 300px) 100vw, 300px\" \/> <img loading=\"lazy\" decoding=\"async\" class=\"alignnone size-medium wp-image-2233\" src=\"http:\/\/kfv-pfarrkirchen.de\/wprs\/wp-content\/uploads\/2018\/04\/IMG_2223-300x200.jpg\" alt=\"\" width=\"300\" height=\"200\" srcset=\"https:\/\/kfv-pfarrkirchen.de\/wprs\/wp-content\/uploads\/2018\/04\/IMG_2223-300x200.jpg 300w, https:\/\/kfv-pfarrkirchen.de\/wprs\/wp-content\/uploads\/2018\/04\/IMG_2223-768x512.jpg 768w, https:\/\/kfv-pfarrkirchen.de\/wprs\/wp-content\/uploads\/2018\/04\/IMG_2223-1024x683.jpg 1024w\" sizes=\"auto, (max-width: 300px) 100vw, 300px\" \/> <img loading=\"lazy\" decoding=\"async\" class=\"alignnone size-medium wp-image-2234\" src=\"http:\/\/kfv-pfarrkirchen.de\/wprs\/wp-content\/uploads\/2018\/04\/IMG_2224-300x200.jpg\" alt=\"\" width=\"300\" height=\"200\" srcset=\"https:\/\/kfv-pfarrkirchen.de\/wprs\/wp-content\/uploads\/2018\/04\/IMG_2224-300x200.jpg 300w, https:\/\/kfv-pfarrkirchen.de\/wprs\/wp-content\/uploads\/2018\/04\/IMG_2224-768x512.jpg 768w, https:\/\/kfv-pfarrkirchen.de\/wprs\/wp-content\/uploads\/2018\/04\/IMG_2224-1024x683.jpg 1024w\" sizes=\"auto, (max-width: 300px) 100vw, 300px\" \/> <img loading=\"lazy\" decoding=\"async\" class=\"alignnone size-medium wp-image-2235\" src=\"http:\/\/kfv-pfarrkirchen.de\/wprs\/wp-content\/uploads\/2018\/04\/IMG_2227-300x200.jpg\" alt=\"\" width=\"300\" height=\"200\" srcset=\"https:\/\/kfv-pfarrkirchen.de\/wprs\/wp-content\/uploads\/2018\/04\/IMG_2227-300x200.jpg 300w, https:\/\/kfv-pfarrkirchen.de\/wprs\/wp-content\/uploads\/2018\/04\/IMG_2227-768x512.jpg 768w, https:\/\/kfv-pfarrkirchen.de\/wprs\/wp-content\/uploads\/2018\/04\/IMG_2227-1024x683.jpg 1024w\" sizes=\"auto, (max-width: 300px) 100vw, 300px\" \/> <img loading=\"lazy\" decoding=\"async\" class=\"alignnone size-medium wp-image-2236\" src=\"http:\/\/kfv-pfarrkirchen.de\/wprs\/wp-content\/uploads\/2018\/04\/IMG_2228-300x200.jpg\" alt=\"\" width=\"300\" height=\"200\" srcset=\"https:\/\/kfv-pfarrkirchen.de\/wprs\/wp-content\/uploads\/2018\/04\/IMG_2228-300x200.jpg 300w, https:\/\/kfv-pfarrkirchen.de\/wprs\/wp-content\/uploads\/2018\/04\/IMG_2228-768x512.jpg 768w, https:\/\/kfv-pfarrkirchen.de\/wprs\/wp-content\/uploads\/2018\/04\/IMG_2228-1024x683.jpg 1024w\" sizes=\"auto, (max-width: 300px) 100vw, 300px\" \/> <img loading=\"lazy\" decoding=\"async\" class=\"alignnone size-medium wp-image-2237\" src=\"http:\/\/kfv-pfarrkirchen.de\/wprs\/wp-content\/uploads\/2018\/04\/IMG_2229-300x200.jpg\" alt=\"\" width=\"300\" height=\"200\" srcset=\"https:\/\/kfv-pfarrkirchen.de\/wprs\/wp-content\/uploads\/2018\/04\/IMG_2229-300x200.jpg 300w, https:\/\/kfv-pfarrkirchen.de\/wprs\/wp-content\/uploads\/2018\/04\/IMG_2229-768x512.jpg 768w, https:\/\/kfv-pfarrkirchen.de\/wprs\/wp-content\/uploads\/2018\/04\/IMG_2229-1024x683.jpg 1024w\" sizes=\"auto, (max-width: 300px) 100vw, 300px\" \/> <img loading=\"lazy\" decoding=\"async\" class=\"alignnone size-medium wp-image-2238\" src=\"http:\/\/kfv-pfarrkirchen.de\/wprs\/wp-content\/uploads\/2018\/04\/IMG_2230-300x200.jpg\" alt=\"\" width=\"300\" height=\"200\" srcset=\"https:\/\/kfv-pfarrkirchen.de\/wprs\/wp-content\/uploads\/2018\/04\/IMG_2230-300x200.jpg 300w, https:\/\/kfv-pfarrkirchen.de\/wprs\/wp-content\/uploads\/2018\/04\/IMG_2230-768x512.jpg 768w, https:\/\/kfv-pfarrkirchen.de\/wprs\/wp-content\/uploads\/2018\/04\/IMG_2230-1024x683.jpg 1024w\" sizes=\"auto, (max-width: 300px) 100vw, 300px\" \/> <img loading=\"lazy\" decoding=\"async\" class=\"alignnone size-medium wp-image-2239\" src=\"http:\/\/kfv-pfarrkirchen.de\/wprs\/wp-content\/uploads\/2018\/04\/IMG_2233-300x200.jpg\" alt=\"\" width=\"300\" height=\"200\" srcset=\"https:\/\/kfv-pfarrkirchen.de\/wprs\/wp-content\/uploads\/2018\/04\/IMG_2233-300x200.jpg 300w, https:\/\/kfv-pfarrkirchen.de\/wprs\/wp-content\/uploads\/2018\/04\/IMG_2233-768x512.jpg 768w, https:\/\/kfv-pfarrkirchen.de\/wprs\/wp-content\/uploads\/2018\/04\/IMG_2233-1024x683.jpg 1024w\" sizes=\"auto, (max-width: 300px) 100vw, 300px\" \/> <img loading=\"lazy\" decoding=\"async\" class=\"alignnone size-medium wp-image-2240\" src=\"http:\/\/kfv-pfarrkirchen.de\/wprs\/wp-content\/uploads\/2018\/04\/IMG_2234-300x200.jpg\" alt=\"\" width=\"300\" height=\"200\" srcset=\"https:\/\/kfv-pfarrkirchen.de\/wprs\/wp-content\/uploads\/2018\/04\/IMG_2234-300x200.jpg 300w, https:\/\/kfv-pfarrkirchen.de\/wprs\/wp-content\/uploads\/2018\/04\/IMG_2234-768x512.jpg 768w, https:\/\/kfv-pfarrkirchen.de\/wprs\/wp-content\/uploads\/2018\/04\/IMG_2234-1024x683.jpg 1024w\" sizes=\"auto, (max-width: 300px) 100vw, 300px\" \/> <img loading=\"lazy\" decoding=\"async\" class=\"alignnone size-medium wp-image-2241\" src=\"http:\/\/kfv-pfarrkirchen.de\/wprs\/wp-content\/uploads\/2018\/04\/IMG_2236-300x200.jpg\" alt=\"\" width=\"300\" height=\"200\" srcset=\"https:\/\/kfv-pfarrkirchen.de\/wprs\/wp-content\/uploads\/2018\/04\/IMG_2236-300x200.jpg 300w, https:\/\/kfv-pfarrkirchen.de\/wprs\/wp-content\/uploads\/2018\/04\/IMG_2236-768x512.jpg 768w, https:\/\/kfv-pfarrkirchen.de\/wprs\/wp-content\/uploads\/2018\/04\/IMG_2236-1024x683.jpg 1024w\" sizes=\"auto, (max-width: 300px) 100vw, 300px\" \/><\/p>\n","protected":false},"excerpt":{"rendered":"<p>Unser Fischerjahr 2018 Vergleichsfischen mit der Fischerjugend Simbach am 12. Mai Auch dieses Jahr fischten wir wieder gemeinsam mit der Jugend Simbach, da wir unsere Freundschaften mit anderen Vereinen pflegen. [&hellip;]<\/p>\n","protected":false},"author":2,"featured_media":0,"parent":158,"menu_order":0,"comment_status":"closed","ping_status":"closed","template":"","meta":{"footnotes":""},"class_list":["post-2225","page","type-page","status-publish","hentry"],"yoast_head":"<!-- This site is optimized with the Yoast SEO plugin v26.8 - https:\/\/yoast.com\/product\/yoast-seo-wordpress\/ -->\n<title>Jugendveranstaltungen 2018 - kfv-pfarrkirchen<\/title>\n<meta name=\"robots\" content=\"index, follow, max-snippet:-1, max-image-preview:large, max-video-preview:-1\" \/>\n<link rel=\"canonical\" href=\"https:\/\/kfv-pfarrkirchen.de\/wprs\/schonzeiten\/jugendveranstaltungen-2018\/\" \/>\n<meta property=\"og:locale\" content=\"de_DE\" \/>\n<meta property=\"og:type\" content=\"article\" \/>\n<meta property=\"og:title\" content=\"Jugendveranstaltungen 2018 - kfv-pfarrkirchen\" \/>\n<meta property=\"og:description\" content=\"Unser Fischerjahr 2018 Vergleichsfischen mit der Fischerjugend Simbach am 12. Mai Auch dieses Jahr fischten wir wieder gemeinsam mit der Jugend Simbach, da wir unsere Freundschaften mit anderen Vereinen pflegen. [&hellip;]\" \/>\n<meta property=\"og:url\" content=\"https:\/\/kfv-pfarrkirchen.de\/wprs\/schonzeiten\/jugendveranstaltungen-2018\/\" \/>\n<meta property=\"og:site_name\" content=\"kfv-pfarrkirchen\" \/>\n<meta property=\"article:modified_time\" content=\"2018-11-10T09:29:35+00:00\" \/>\n<meta property=\"og:image\" content=\"http:\/\/kfv-pfarrkirchen.de\/wprs\/wp-content\/uploads\/2018\/06\/IMG_2337-300x200.jpg\" \/>\n<meta name=\"twitter:card\" content=\"summary_large_image\" \/>\n<meta name=\"twitter:label1\" content=\"Gesch\u00e4tzte Lesezeit\" \/>\n\t<meta name=\"twitter:data1\" content=\"1\u00a0Minute\" \/>\n<script type=\"application\/ld+json\" class=\"yoast-schema-graph\">{\"@context\":\"https:\/\/schema.org\",\"@graph\":[{\"@type\":\"WebPage\",\"@id\":\"https:\/\/kfv-pfarrkirchen.de\/wprs\/schonzeiten\/jugendveranstaltungen-2018\/\",\"url\":\"https:\/\/kfv-pfarrkirchen.de\/wprs\/schonzeiten\/jugendveranstaltungen-2018\/\",\"name\":\"Jugendveranstaltungen 2018 - kfv-pfarrkirchen\",\"isPartOf\":{\"@id\":\"http:\/\/kfv-pfarrkirchen.de\/wprs\/#website\"},\"primaryImageOfPage\":{\"@id\":\"https:\/\/kfv-pfarrkirchen.de\/wprs\/schonzeiten\/jugendveranstaltungen-2018\/#primaryimage\"},\"image\":{\"@id\":\"https:\/\/kfv-pfarrkirchen.de\/wprs\/schonzeiten\/jugendveranstaltungen-2018\/#primaryimage\"},\"thumbnailUrl\":\"http:\/\/kfv-pfarrkirchen.de\/wprs\/wp-content\/uploads\/2018\/06\/IMG_2337-300x200.jpg\",\"datePublished\":\"2018-04-10T18:43:31+00:00\",\"dateModified\":\"2018-11-10T09:29:35+00:00\",\"breadcrumb\":{\"@id\":\"https:\/\/kfv-pfarrkirchen.de\/wprs\/schonzeiten\/jugendveranstaltungen-2018\/#breadcrumb\"},\"inLanguage\":\"de\",\"potentialAction\":[{\"@type\":\"ReadAction\",\"target\":[\"https:\/\/kfv-pfarrkirchen.de\/wprs\/schonzeiten\/jugendveranstaltungen-2018\/\"]}]},{\"@type\":\"ImageObject\",\"inLanguage\":\"de\",\"@id\":\"https:\/\/kfv-pfarrkirchen.de\/wprs\/schonzeiten\/jugendveranstaltungen-2018\/#primaryimage\",\"url\":\"https:\/\/kfv-pfarrkirchen.de\/wprs\/wp-content\/uploads\/2018\/06\/IMG_2337.jpg\",\"contentUrl\":\"https:\/\/kfv-pfarrkirchen.de\/wprs\/wp-content\/uploads\/2018\/06\/IMG_2337.jpg\",\"width\":5184,\"height\":3456},{\"@type\":\"BreadcrumbList\",\"@id\":\"https:\/\/kfv-pfarrkirchen.de\/wprs\/schonzeiten\/jugendveranstaltungen-2018\/#breadcrumb\",\"itemListElement\":[{\"@type\":\"ListItem\",\"position\":1,\"name\":\"Startseite\",\"item\":\"http:\/\/kfv-pfarrkirchen.de\/wprs\/\"},{\"@type\":\"ListItem\",\"position\":2,\"name\":\"Jugendprogramm 2026\",\"item\":\"http:\/\/kfv-pfarrkirchen.de\/wprs\/schonzeiten\/\"},{\"@type\":\"ListItem\",\"position\":3,\"name\":\"Jugendveranstaltungen 2018\"}]},{\"@type\":\"WebSite\",\"@id\":\"http:\/\/kfv-pfarrkirchen.de\/wprs\/#website\",\"url\":\"http:\/\/kfv-pfarrkirchen.de\/wprs\/\",\"name\":\"kfv-pfarrkirchen\",\"description\":\"Fischen im Rottal\",\"potentialAction\":[{\"@type\":\"SearchAction\",\"target\":{\"@type\":\"EntryPoint\",\"urlTemplate\":\"http:\/\/kfv-pfarrkirchen.de\/wprs\/?s={search_term_string}\"},\"query-input\":{\"@type\":\"PropertyValueSpecification\",\"valueRequired\":true,\"valueName\":\"search_term_string\"}}],\"inLanguage\":\"de\"}]}<\/script>\n<!-- \/ Yoast SEO plugin. -->","yoast_head_json":{"title":"Jugendveranstaltungen 2018 - kfv-pfarrkirchen","robots":{"index":"index","follow":"follow","max-snippet":"max-snippet:-1","max-image-preview":"max-image-preview:large","max-video-preview":"max-video-preview:-1"},"canonical":"https:\/\/kfv-pfarrkirchen.de\/wprs\/schonzeiten\/jugendveranstaltungen-2018\/","og_locale":"de_DE","og_type":"article","og_title":"Jugendveranstaltungen 2018 - kfv-pfarrkirchen","og_description":"Unser Fischerjahr 2018 Vergleichsfischen mit der Fischerjugend Simbach am 12. Mai Auch dieses Jahr fischten wir wieder gemeinsam mit der Jugend Simbach, da wir unsere Freundschaften mit anderen Vereinen pflegen. [&hellip;]","og_url":"https:\/\/kfv-pfarrkirchen.de\/wprs\/schonzeiten\/jugendveranstaltungen-2018\/","og_site_name":"kfv-pfarrkirchen","article_modified_time":"2018-11-10T09:29:35+00:00","og_image":[{"url":"http:\/\/kfv-pfarrkirchen.de\/wprs\/wp-content\/uploads\/2018\/06\/IMG_2337-300x200.jpg","type":"","width":"","height":""}],"twitter_card":"summary_large_image","twitter_misc":{"Gesch\u00e4tzte Lesezeit":"1\u00a0Minute"},"schema":{"@context":"https:\/\/schema.org","@graph":[{"@type":"WebPage","@id":"https:\/\/kfv-pfarrkirchen.de\/wprs\/schonzeiten\/jugendveranstaltungen-2018\/","url":"https:\/\/kfv-pfarrkirchen.de\/wprs\/schonzeiten\/jugendveranstaltungen-2018\/","name":"Jugendveranstaltungen 2018 - kfv-pfarrkirchen","isPartOf":{"@id":"http:\/\/kfv-pfarrkirchen.de\/wprs\/#website"},"primaryImageOfPage":{"@id":"https:\/\/kfv-pfarrkirchen.de\/wprs\/schonzeiten\/jugendveranstaltungen-2018\/#primaryimage"},"image":{"@id":"https:\/\/kfv-pfarrkirchen.de\/wprs\/schonzeiten\/jugendveranstaltungen-2018\/#primaryimage"},"thumbnailUrl":"http:\/\/kfv-pfarrkirchen.de\/wprs\/wp-content\/uploads\/2018\/06\/IMG_2337-300x200.jpg","datePublished":"2018-04-10T18:43:31+00:00","dateModified":"2018-11-10T09:29:35+00:00","breadcrumb":{"@id":"https:\/\/kfv-pfarrkirchen.de\/wprs\/schonzeiten\/jugendveranstaltungen-2018\/#breadcrumb"},"inLanguage":"de","potentialAction":[{"@type":"ReadAction","target":["https:\/\/kfv-pfarrkirchen.de\/wprs\/schonzeiten\/jugendveranstaltungen-2018\/"]}]},{"@type":"ImageObject","inLanguage":"de","@id":"https:\/\/kfv-pfarrkirchen.de\/wprs\/schonzeiten\/jugendveranstaltungen-2018\/#primaryimage","url":"https:\/\/kfv-pfarrkirchen.de\/wprs\/wp-content\/uploads\/2018\/06\/IMG_2337.jpg","contentUrl":"https:\/\/kfv-pfarrkirchen.de\/wprs\/wp-content\/uploads\/2018\/06\/IMG_2337.jpg","width":5184,"height":3456},{"@type":"BreadcrumbList","@id":"https:\/\/kfv-pfarrkirchen.de\/wprs\/schonzeiten\/jugendveranstaltungen-2018\/#breadcrumb","itemListElement":[{"@type":"ListItem","position":1,"name":"Startseite","item":"http:\/\/kfv-pfarrkirchen.de\/wprs\/"},{"@type":"ListItem","position":2,"name":"Jugendprogramm 2026","item":"http:\/\/kfv-pfarrkirchen.de\/wprs\/schonzeiten\/"},{"@type":"ListItem","position":3,"name":"Jugendveranstaltungen 2018"}]},{"@type":"WebSite","@id":"http:\/\/kfv-pfarrkirchen.de\/wprs\/#website","url":"http:\/\/kfv-pfarrkirchen.de\/wprs\/","name":"kfv-pfarrkirchen","description":"Fischen im Rottal","potentialAction":[{"@type":"SearchAction","target":{"@type":"EntryPoint","urlTemplate":"http:\/\/kfv-pfarrkirchen.de\/wprs\/?s={search_term_string}"},"query-input":{"@type":"PropertyValueSpecification","valueRequired":true,"valueName":"search_term_string"}}],"inLanguage":"de"}]}},"_links":{"self":[{"href":"https:\/\/kfv-pfarrkirchen.de\/wprs\/wp-json\/wp\/v2\/pages\/2225","targetHints":{"allow":["GET"]}}],"collection":[{"href":"https:\/\/kfv-pfarrkirchen.de\/wprs\/wp-json\/wp\/v2\/pages"}],"about":[{"href":"https:\/\/kfv-pfarrkirchen.de\/wprs\/wp-json\/wp\/v2\/types\/page"}],"author":[{"embeddable":true,"href":"https:\/\/kfv-pfarrkirchen.de\/wprs\/wp-json\/wp\/v2\/users\/2"}],"replies":[{"embeddable":true,"href":"https:\/\/kfv-pfarrkirchen.de\/wprs\/wp-json\/wp\/v2\/comments?post=2225"}],"version-history":[{"count":11,"href":"https:\/\/kfv-pfarrkirchen.de\/wprs\/wp-json\/wp\/v2\/pages\/2225\/revisions"}],"predecessor-version":[{"id":2363,"href":"https:\/\/kfv-pfarrkirchen.de\/wprs\/wp-json\/wp\/v2\/pages\/2225\/revisions\/2363"}],"up":[{"embeddable":true,"href":"https:\/\/kfv-pfarrkirchen.de\/wprs\/wp-json\/wp\/v2\/pages\/158"}],"wp:attachment":[{"href":"https:\/\/kfv-pfarrkirchen.de\/wprs\/wp-json\/wp\/v2\/media?parent=2225"}],"curies":[{"name":"wp","href":"https:\/\/api.w.org\/{rel}","templated":true}]}}