{"id":2310,"date":"2018-07-22T13:13:31","date_gmt":"2018-07-22T11:13:31","guid":{"rendered":"http:\/\/kfv-pfarrkirchen.de\/wprs\/?page_id=2310"},"modified":"2018-07-22T13:13:31","modified_gmt":"2018-07-22T11:13:31","slug":"datenschutz","status":"publish","type":"page","link":"https:\/\/kfv-pfarrkirchen.de\/wprs\/datenschutz\/","title":{"rendered":"Datenschutz"},"content":{"rendered":"<p>Der Kreisfischereiverein Pfarrkirchen legt seit jeher besonderen Wert auf die Sicherheit Ihrer pers\u00f6nlichen Daten.<\/p>\n<p>Die Nutzung der Internetseite ist grunds\u00e4tzlich ohne jede Angabe personenbezogener Daten m\u00f6glich.<\/p>\n<p>Sollte eine Verarbeitung personenbezogener Daten erforderlich sein, und besteht f\u00fcr diese keine gesetzliche Grundlage, holen wir eine Einwilligung der betroffenen Person ein.<\/p>\n<p>Die Verarbeitung personenbezogener Daten, beispielsweise des Namen, der Anschrift, E Mail Adresse und Telefonnummer einer Person, erfolgt in Einklang mit der\u00a0 Datenschutz- Grundverordnung und in \u00dcbereinstimmung mit den f\u00fcr den Kreisfischereiverein geltenden Datenschutzbestimmungen.<\/p>\n<p>Die Informationen \u00fcber den Datenschutz entnehmen Sie dem Impressum.<\/p>\n<p>Wenn Sie diesen nicht schriftlich widersprechen, gehen wir davon aus, dass Sie diesen zustimmen.<\/p>\n<p>Uns ist bewusst, dass Sorgfalt und Transparenz die Grundlage f\u00fcr eine vertrauensvolle Kommunikation mit unseren Mitgliedern ist. Hiermit m\u00f6chten wir die \u00d6ffentlichkeit \u00fcber Art, Umfang und Zweck der von uns erhobenen Daten informieren.<\/p>\n<p>&nbsp;<\/p>\n","protected":false},"excerpt":{"rendered":"<p>Der Kreisfischereiverein Pfarrkirchen legt seit jeher besonderen Wert auf die Sicherheit Ihrer pers\u00f6nlichen Daten. Die Nutzung der Internetseite ist grunds\u00e4tzlich ohne jede Angabe personenbezogener Daten m\u00f6glich. Sollte eine Verarbeitung personenbezogener [&hellip;]<\/p>\n","protected":false},"author":2,"featured_media":0,"parent":0,"menu_order":0,"comment_status":"closed","ping_status":"closed","template":"","meta":{"footnotes":""},"class_list":["post-2310","page","type-page","status-publish","hentry"],"yoast_head":"<!-- This site is optimized with the Yoast SEO plugin v26.8 - https:\/\/yoast.com\/product\/yoast-seo-wordpress\/ -->\n<title>Datenschutz - kfv-pfarrkirchen<\/title>\n<meta name=\"robots\" content=\"index, follow, max-snippet:-1, max-image-preview:large, max-video-preview:-1\" \/>\n<link rel=\"canonical\" href=\"http:\/\/kfv-pfarrkirchen.de\/wprs\/datenschutz\/\" \/>\n<meta property=\"og:locale\" content=\"de_DE\" \/>\n<meta property=\"og:type\" content=\"article\" \/>\n<meta property=\"og:title\" content=\"Datenschutz - kfv-pfarrkirchen\" \/>\n<meta property=\"og:description\" content=\"Der Kreisfischereiverein Pfarrkirchen legt seit jeher besonderen Wert auf die Sicherheit Ihrer pers\u00f6nlichen Daten. Die Nutzung der Internetseite ist grunds\u00e4tzlich ohne jede Angabe personenbezogener Daten m\u00f6glich. Sollte eine Verarbeitung personenbezogener [&hellip;]\" \/>\n<meta property=\"og:url\" content=\"http:\/\/kfv-pfarrkirchen.de\/wprs\/datenschutz\/\" \/>\n<meta property=\"og:site_name\" content=\"kfv-pfarrkirchen\" \/>\n<meta name=\"twitter:card\" content=\"summary_large_image\" \/>\n<meta name=\"twitter:label1\" content=\"Gesch\u00e4tzte Lesezeit\" \/>\n\t<meta name=\"twitter:data1\" content=\"1\u00a0Minute\" \/>\n<script type=\"application\/ld+json\" class=\"yoast-schema-graph\">{\"@context\":\"https:\/\/schema.org\",\"@graph\":[{\"@type\":\"WebPage\",\"@id\":\"http:\/\/kfv-pfarrkirchen.de\/wprs\/datenschutz\/\",\"url\":\"http:\/\/kfv-pfarrkirchen.de\/wprs\/datenschutz\/\",\"name\":\"Datenschutz - kfv-pfarrkirchen\",\"isPartOf\":{\"@id\":\"http:\/\/kfv-pfarrkirchen.de\/wprs\/#website\"},\"datePublished\":\"2018-07-22T11:13:31+00:00\",\"breadcrumb\":{\"@id\":\"http:\/\/kfv-pfarrkirchen.de\/wprs\/datenschutz\/#breadcrumb\"},\"inLanguage\":\"de\",\"potentialAction\":[{\"@type\":\"ReadAction\",\"target\":[\"http:\/\/kfv-pfarrkirchen.de\/wprs\/datenschutz\/\"]}]},{\"@type\":\"BreadcrumbList\",\"@id\":\"http:\/\/kfv-pfarrkirchen.de\/wprs\/datenschutz\/#breadcrumb\",\"itemListElement\":[{\"@type\":\"ListItem\",\"position\":1,\"name\":\"Startseite\",\"item\":\"http:\/\/kfv-pfarrkirchen.de\/wprs\/\"},{\"@type\":\"ListItem\",\"position\":2,\"name\":\"Datenschutz\"}]},{\"@type\":\"WebSite\",\"@id\":\"http:\/\/kfv-pfarrkirchen.de\/wprs\/#website\",\"url\":\"http:\/\/kfv-pfarrkirchen.de\/wprs\/\",\"name\":\"kfv-pfarrkirchen\",\"description\":\"Fischen im Rottal\",\"potentialAction\":[{\"@type\":\"SearchAction\",\"target\":{\"@type\":\"EntryPoint\",\"urlTemplate\":\"http:\/\/kfv-pfarrkirchen.de\/wprs\/?s={search_term_string}\"},\"query-input\":{\"@type\":\"PropertyValueSpecification\",\"valueRequired\":true,\"valueName\":\"search_term_string\"}}],\"inLanguage\":\"de\"}]}<\/script>\n<!-- \/ Yoast SEO plugin. -->","yoast_head_json":{"title":"Datenschutz - kfv-pfarrkirchen","robots":{"index":"index","follow":"follow","max-snippet":"max-snippet:-1","max-image-preview":"max-image-preview:large","max-video-preview":"max-video-preview:-1"},"canonical":"http:\/\/kfv-pfarrkirchen.de\/wprs\/datenschutz\/","og_locale":"de_DE","og_type":"article","og_title":"Datenschutz - kfv-pfarrkirchen","og_description":"Der Kreisfischereiverein Pfarrkirchen legt seit jeher besonderen Wert auf die Sicherheit Ihrer pers\u00f6nlichen Daten. Die Nutzung der Internetseite ist grunds\u00e4tzlich ohne jede Angabe personenbezogener Daten m\u00f6glich. Sollte eine Verarbeitung personenbezogener [&hellip;]","og_url":"http:\/\/kfv-pfarrkirchen.de\/wprs\/datenschutz\/","og_site_name":"kfv-pfarrkirchen","twitter_card":"summary_large_image","twitter_misc":{"Gesch\u00e4tzte Lesezeit":"1\u00a0Minute"},"schema":{"@context":"https:\/\/schema.org","@graph":[{"@type":"WebPage","@id":"http:\/\/kfv-pfarrkirchen.de\/wprs\/datenschutz\/","url":"http:\/\/kfv-pfarrkirchen.de\/wprs\/datenschutz\/","name":"Datenschutz - kfv-pfarrkirchen","isPartOf":{"@id":"http:\/\/kfv-pfarrkirchen.de\/wprs\/#website"},"datePublished":"2018-07-22T11:13:31+00:00","breadcrumb":{"@id":"http:\/\/kfv-pfarrkirchen.de\/wprs\/datenschutz\/#breadcrumb"},"inLanguage":"de","potentialAction":[{"@type":"ReadAction","target":["http:\/\/kfv-pfarrkirchen.de\/wprs\/datenschutz\/"]}]},{"@type":"BreadcrumbList","@id":"http:\/\/kfv-pfarrkirchen.de\/wprs\/datenschutz\/#breadcrumb","itemListElement":[{"@type":"ListItem","position":1,"name":"Startseite","item":"http:\/\/kfv-pfarrkirchen.de\/wprs\/"},{"@type":"ListItem","position":2,"name":"Datenschutz"}]},{"@type":"WebSite","@id":"http:\/\/kfv-pfarrkirchen.de\/wprs\/#website","url":"http:\/\/kfv-pfarrkirchen.de\/wprs\/","name":"kfv-pfarrkirchen","description":"Fischen im Rottal","potentialAction":[{"@type":"SearchAction","target":{"@type":"EntryPoint","urlTemplate":"http:\/\/kfv-pfarrkirchen.de\/wprs\/?s={search_term_string}"},"query-input":{"@type":"PropertyValueSpecification","valueRequired":true,"valueName":"search_term_string"}}],"inLanguage":"de"}]}},"_links":{"self":[{"href":"https:\/\/kfv-pfarrkirchen.de\/wprs\/wp-json\/wp\/v2\/pages\/2310","targetHints":{"allow":["GET"]}}],"collection":[{"href":"https:\/\/kfv-pfarrkirchen.de\/wprs\/wp-json\/wp\/v2\/pages"}],"about":[{"href":"https:\/\/kfv-pfarrkirchen.de\/wprs\/wp-json\/wp\/v2\/types\/page"}],"author":[{"embeddable":true,"href":"https:\/\/kfv-pfarrkirchen.de\/wprs\/wp-json\/wp\/v2\/users\/2"}],"replies":[{"embeddable":true,"href":"https:\/\/kfv-pfarrkirchen.de\/wprs\/wp-json\/wp\/v2\/comments?post=2310"}],"version-history":[{"count":1,"href":"https:\/\/kfv-pfarrkirchen.de\/wprs\/wp-json\/wp\/v2\/pages\/2310\/revisions"}],"predecessor-version":[{"id":2312,"href":"https:\/\/kfv-pfarrkirchen.de\/wprs\/wp-json\/wp\/v2\/pages\/2310\/revisions\/2312"}],"wp:attachment":[{"href":"https:\/\/kfv-pfarrkirchen.de\/wprs\/wp-json\/wp\/v2\/media?parent=2310"}],"curies":[{"name":"wp","href":"https:\/\/api.w.org\/{rel}","templated":true}]}}