{"id":759,"date":"2017-05-16T20:10:05","date_gmt":"2017-05-16T18:10:05","guid":{"rendered":"http:\/\/kfv-pfarrkirchen.de\/wprs\/?page_id=759"},"modified":"2024-02-05T20:34:59","modified_gmt":"2024-02-05T19:34:59","slug":"fangbestimmungen","status":"publish","type":"page","link":"https:\/\/kfv-pfarrkirchen.de\/wprs\/fangbestimmungen\/","title":{"rendered":"Fangbestimmungen und Schonzeiten"},"content":{"rendered":"\n<p><\/p>\n\n\n\n<p>Die aktuellen Fangbestimmungen entnehmen Sie bitte dem Beiblatt, welches bei der Gew\u00e4sserkartenvergabe ausgegeben wird.<\/p>\n\n\n\n<div data-wp-interactive=\"core\/file\" class=\"wp-block-file\"><object data-wp-bind--hidden=\"!state.hasPdfPreview\" hidden class=\"wp-block-file__embed\" data=\"https:\/\/kfv-pfarrkirchen.de\/wprs\/wp-content\/uploads\/2024\/01\/Anlage-Seite-1.pdf\" type=\"application\/pdf\" style=\"width:100%;height:600px\" aria-label=\"Einbettung von Anlage-Seite-1.\"><\/object><a id=\"wp-block-file--media-5235d8a2-0a80-486d-86f4-76a5c156c9ac\" href=\"https:\/\/kfv-pfarrkirchen.de\/wprs\/wp-content\/uploads\/2024\/01\/Anlage-Seite-1.pdf\">Anlage-Seite-1<\/a><a href=\"https:\/\/kfv-pfarrkirchen.de\/wprs\/wp-content\/uploads\/2024\/01\/Anlage-Seite-1.pdf\" class=\"wp-block-file__button wp-element-button\" download aria-describedby=\"wp-block-file--media-5235d8a2-0a80-486d-86f4-76a5c156c9ac\">Herunterladen<\/a><\/div>\n\n\n\n<div data-wp-interactive=\"core\/file\" class=\"wp-block-file\"><object data-wp-bind--hidden=\"!state.hasPdfPreview\" hidden class=\"wp-block-file__embed\" data=\"https:\/\/kfv-pfarrkirchen.de\/wprs\/wp-content\/uploads\/2024\/01\/Anlage-Seite-2.pdf\" type=\"application\/pdf\" style=\"width:100%;height:600px\" aria-label=\"Einbettung von Anlage-Seite-2.\"><\/object><a id=\"wp-block-file--media-4d4f77b2-3419-4d9a-bf70-ba2aff76147b\" href=\"https:\/\/kfv-pfarrkirchen.de\/wprs\/wp-content\/uploads\/2024\/01\/Anlage-Seite-2.pdf\">Anlage-Seite-2<\/a><a href=\"https:\/\/kfv-pfarrkirchen.de\/wprs\/wp-content\/uploads\/2024\/01\/Anlage-Seite-2.pdf\" class=\"wp-block-file__button wp-element-button\" download aria-describedby=\"wp-block-file--media-4d4f77b2-3419-4d9a-bf70-ba2aff76147b\">Herunterladen<\/a><\/div>\n\n\n\n<p><strong><u>Anlage<\/u><\/strong><\/p>\n\n\n\n<p>zum Erlaubnisschein<\/p>\n\n\n\n<p><strong><u>G\u00fcltig ab 1.1.2024<\/u><\/strong><\/p>\n\n\n\n<p>1. Der Erlaubnisschein gilt nur in Verbindung mit dem staatlichen Fischereischein und nicht f\u00fcr G\u00e4ste und Begleiter<\/p>\n\n\n\n<p>2. Der Erlaubnisscheininhaber hat Fangaufzeichnungen zu f\u00fchren. Das Fangergebnis ist anhand der Fangmeldung- Anzahl und Gesamtgewicht &#8211; bis sp\u00e4testens 15. Dezember dem Verein mitzuteilen.<\/p>\n\n\n\n<p>3. Abweichend von den in Bayern g\u00fcltigen gesetzlichen Bestimmungen wird f\u00fcr die Vereinsgew\u00e4sser folgendes bestimmt: Auf alle Fischarten darf nur mit 2 Handangeln mit je 1 Anbiss Stelle gefischt werden. Alle Karpfenarten: Schonma\u00df 40 cm, keine Schonzeit.<\/p>\n\n\n\n<p>4. Pro Tag d\u00fcrfen nur 2 Karpfen, 3 Salmoniden und 2 Raubfische mitgenommen werden.<\/p>\n\n\n\n<p>5. W\u00e4hrend der Schonzeit f\u00fcr Raubfische sind tote Fische und Fischfetzen als K\u00f6der verboten (gilt auch f\u00fcr den Fang von Aalen und Aiteln). Auch die Verwendung von k\u00fcnstlichen Raubfischk\u00f6dern (Blinker, Wobbler usw.) ist w\u00e4hrend der Schonzeit f\u00fcr Raubfische untersagt. Die Verwendung von Abspannmontagen am Stausee ist verboten.<\/p>\n\n\n\n<p>6. \u00dcberm\u00e4\u00dfiges Anf\u00fcttern ist verboten.<\/p>\n\n\n\n<p>7. Das Bootsangeln ist nur vom Ruderboot (ohne Elektro- oder Verbrennungsantrieb) mit einer gesonderten Genehmigung (Bootskarte) und nur am Tag (1Stunde vor Sonnenaufgang bis 1 \u00bd Stunden nach Sonnenuntergang) erlaubt.<\/p>\n\n\n\n<p>8. Unterma\u00dfige Fische, sowie in der Schonzeit gefangene Fische; sind unter Beachtung der AVBayFiG unverz\u00fcglich in dasselbe Gew\u00e4sser zur\u00fcckzusetzen. Folgende Fischarten d\u00fcrfen zur Erf\u00fcllung des Hegezieles bei Erf\u00fcllung der Schonzeit und trotz des Erreichens des Schonma\u00dfes wieder zur\u00fcckgesetzt werden. Barbe, Nase, Rutte.<\/p>\n\n\n\n<p>9. Das Mitnehmen eines Ma\u00dfbandes und eines Keschers ist Pflicht.<\/p>\n\n\n\n<p>10. Das Eisfischen ist nicht gestattet.<\/p>\n\n\n\n<p>11. Der Angelplatz bzw. die Angelpl\u00e4tze sind die Visitenkarte eines jeden Anglers und auch des Vereins. Sie sind deshalb stets sauber zu halten. Kfz d\u00fcrfen nur auf befestigten Wegen bzw. Pl\u00e4tzen au\u00dferhalb von event. Sperrzeichen abgestellt werden. Das Aufstellen von Zelten sowie offene Feuer sind verboten.<\/p>\n\n\n\n<p>12. Den Fischereiaufsehern sind auf Verlangen die Ausweise vorzulegen. Sie sind auch berechtigt Rucks\u00e4cke, Angeltaschen, Einh\u00e4ngenetze usw. zu durchsuchen. Bei festgestellten Verst\u00f6\u00dfen wird der Erlaubnisschein eingezogen und das Fischereiger\u00e4t sichergestellt.<\/p>\n\n\n\n<p>13. Es besteht von 1.00 Uhr bis 4.00 Uhr f\u00fcr Tageserlaubnisscheininhaber Fischfangverbot.<\/p>\n\n\n\n<p>14. Die Nichtbeachtung der vorstehenden Bestimmungen und Auflagen oder ein sonstiger Missbrauch der Fischereierlaubnis hat die Entziehung des Erlaubnisscheines zur Folge. Eine R\u00fcckzahlung der entrichteten Geb\u00fchren, auch teilweise, entf\u00e4llt.<\/p>\n\n\n\n<p>5. W\u00e4hrend der Schonzeit f\u00fcr Raubfische sind tote Fische und Fischfetzen als K\u00f6der verboten (gilt auch f\u00fcr den Fang von Aalen und Aiteln). Auch die Verwendung von k\u00fcnstlichen Raubfischk\u00f6dern (Blinker, Wobbler usw.) ist w\u00e4hrend der Schonzeit f\u00fcr Raubfische untersagt. Die Verwendung von Abspannmontagen am Stausee ist verboten.<\/p>\n\n\n\n<p>6. \u00dcberm\u00e4\u00dfiges Anf\u00fcttern ist verboten.<\/p>\n\n\n\n<p>7. Das Bootsangeln ist nur vom Ruderboot (ohne Elektro- oder Verbrennungsantrieb) mit einer gesonderten Genehmigung (Bootskarte) und nur am Tag (1Stunde vor Sonnenaufgang bis 1 \u00bd Stunden nach Sonnenuntergang) erlaubt.<\/p>\n\n\n\n<p>8. Unterma\u00dfige Fische, sowie in der Schonzeit gefangene Fische; sind unter Beachtung der AVBayFiG unverz\u00fcglich in dasselbe Gew\u00e4sser zur\u00fcckzusetzen. Folgende Fischarten d\u00fcrfen zur Erf\u00fcllung des Hegezieles bei Erf\u00fcllung der Schonzeit und trotz des Erreichens des Schonma\u00dfes wieder zur\u00fcckgesetzt werden. Barbe, Nase, Rutte.<\/p>\n\n\n\n<p>9. Das Mitnehmen eines Ma\u00dfbandes und eines Keschers ist Pflicht.<\/p>\n\n\n\n<p>10. Das Eisfischen ist nicht gestattet.<\/p>\n\n\n\n<p>11. Der Angelplatz bzw. die Angelpl\u00e4tze sind die Visitenkarte eines jeden Anglers und auch des Vereins. Sie sind deshalb stets sauber zu halten. Kfz d\u00fcrfen nur auf befestigten Wegen bzw. Pl\u00e4tzen au\u00dferhalb von event. Sperrzeichen abgestellt werden. Das Aufstellen von Zelten sowie offene Feuer sind verboten.<\/p>\n\n\n\n<p>12. Den Fischereiaufsehern sind auf Verlangen die Ausweise vorzulegen. Sie sind auch berechtigt Rucks\u00e4cke, Angeltaschen, Einh\u00e4ngenetze usw. zu durchsuchen. Bei festgestellten Verst\u00f6\u00dfen wird der Erlaubnisschein eingezogen und das Fischereiger\u00e4t sichergestellt.<\/p>\n\n\n\n<p>13. Es besteht von 1.00 Uhr bis 4.00 Uhr f\u00fcr Tageserlaubnisscheininhaber Fischfangverbot.<\/p>\n\n\n\n<p>14. Die Nichtbeachtung der vorstehenden Bestimmungen und Auflagen oder ein sonstiger Missbrauch der Fischereierlaubnis hat die Entziehung des Erlaubnisscheines zur Folge. Eine R\u00fcckzahlung der entrichteten Geb\u00fchren, auch teilweise, entf\u00e4llt.<\/p>\n\n\n\n<figure class=\"wp-block-image size-full\"><img loading=\"lazy\" decoding=\"async\" width=\"368\" height=\"480\" src=\"https:\/\/kfv-pfarrkirchen.de\/wprs\/wp-content\/uploads\/2024\/01\/image.png\" alt=\"\" class=\"wp-image-3221\" srcset=\"https:\/\/kfv-pfarrkirchen.de\/wprs\/wp-content\/uploads\/2024\/01\/image.png 368w, https:\/\/kfv-pfarrkirchen.de\/wprs\/wp-content\/uploads\/2024\/01\/image-230x300.png 230w\" sizes=\"auto, (max-width: 368px) 100vw, 368px\" \/><\/figure>\n\n\n\n<p><\/p>\n","protected":false},"excerpt":{"rendered":"<p>Die aktuellen Fangbestimmungen entnehmen Sie bitte dem Beiblatt, welches bei der Gew\u00e4sserkartenvergabe ausgegeben wird. Anlage zum Erlaubnisschein G\u00fcltig ab 1.1.2024 1. Der Erlaubnisschein gilt nur in Verbindung mit dem staatlichen [&hellip;]<\/p>\n","protected":false},"author":1,"featured_media":0,"parent":0,"menu_order":0,"comment_status":"closed","ping_status":"closed","template":"","meta":{"footnotes":""},"class_list":["post-759","page","type-page","status-publish","hentry"],"yoast_head":"<!-- This site is optimized with the Yoast SEO plugin v26.8 - https:\/\/yoast.com\/product\/yoast-seo-wordpress\/ -->\n<title>Fangbestimmungen und Schonzeiten - kfv-pfarrkirchen<\/title>\n<meta name=\"robots\" content=\"index, follow, max-snippet:-1, max-image-preview:large, max-video-preview:-1\" \/>\n<link rel=\"canonical\" href=\"http:\/\/kfv-pfarrkirchen.de\/wprs\/fangbestimmungen\/\" \/>\n<meta property=\"og:locale\" content=\"de_DE\" \/>\n<meta property=\"og:type\" content=\"article\" \/>\n<meta property=\"og:title\" content=\"Fangbestimmungen und Schonzeiten - kfv-pfarrkirchen\" \/>\n<meta property=\"og:description\" content=\"Die aktuellen Fangbestimmungen entnehmen Sie bitte dem Beiblatt, welches bei der Gew\u00e4sserkartenvergabe ausgegeben wird. Anlage zum Erlaubnisschein G\u00fcltig ab 1.1.2024 1. Der Erlaubnisschein gilt nur in Verbindung mit dem staatlichen [&hellip;]\" \/>\n<meta property=\"og:url\" content=\"http:\/\/kfv-pfarrkirchen.de\/wprs\/fangbestimmungen\/\" \/>\n<meta property=\"og:site_name\" content=\"kfv-pfarrkirchen\" \/>\n<meta property=\"article:modified_time\" content=\"2024-02-05T19:34:59+00:00\" \/>\n<meta property=\"og:image\" content=\"https:\/\/kfv-pfarrkirchen.de\/wprs\/wp-content\/uploads\/2024\/01\/image.png\" \/>\n<meta name=\"twitter:card\" content=\"summary_large_image\" \/>\n<meta name=\"twitter:label1\" content=\"Gesch\u00e4tzte Lesezeit\" \/>\n\t<meta name=\"twitter:data1\" content=\"4\u00a0Minuten\" \/>\n<script type=\"application\/ld+json\" class=\"yoast-schema-graph\">{\"@context\":\"https:\/\/schema.org\",\"@graph\":[{\"@type\":\"WebPage\",\"@id\":\"http:\/\/kfv-pfarrkirchen.de\/wprs\/fangbestimmungen\/\",\"url\":\"http:\/\/kfv-pfarrkirchen.de\/wprs\/fangbestimmungen\/\",\"name\":\"Fangbestimmungen und Schonzeiten - kfv-pfarrkirchen\",\"isPartOf\":{\"@id\":\"http:\/\/kfv-pfarrkirchen.de\/wprs\/#website\"},\"primaryImageOfPage\":{\"@id\":\"http:\/\/kfv-pfarrkirchen.de\/wprs\/fangbestimmungen\/#primaryimage\"},\"image\":{\"@id\":\"http:\/\/kfv-pfarrkirchen.de\/wprs\/fangbestimmungen\/#primaryimage\"},\"thumbnailUrl\":\"https:\/\/kfv-pfarrkirchen.de\/wprs\/wp-content\/uploads\/2024\/01\/image.png\",\"datePublished\":\"2017-05-16T18:10:05+00:00\",\"dateModified\":\"2024-02-05T19:34:59+00:00\",\"breadcrumb\":{\"@id\":\"http:\/\/kfv-pfarrkirchen.de\/wprs\/fangbestimmungen\/#breadcrumb\"},\"inLanguage\":\"de\",\"potentialAction\":[{\"@type\":\"ReadAction\",\"target\":[\"http:\/\/kfv-pfarrkirchen.de\/wprs\/fangbestimmungen\/\"]}]},{\"@type\":\"ImageObject\",\"inLanguage\":\"de\",\"@id\":\"http:\/\/kfv-pfarrkirchen.de\/wprs\/fangbestimmungen\/#primaryimage\",\"url\":\"https:\/\/kfv-pfarrkirchen.de\/wprs\/wp-content\/uploads\/2024\/01\/image.png\",\"contentUrl\":\"https:\/\/kfv-pfarrkirchen.de\/wprs\/wp-content\/uploads\/2024\/01\/image.png\"},{\"@type\":\"BreadcrumbList\",\"@id\":\"http:\/\/kfv-pfarrkirchen.de\/wprs\/fangbestimmungen\/#breadcrumb\",\"itemListElement\":[{\"@type\":\"ListItem\",\"position\":1,\"name\":\"Startseite\",\"item\":\"http:\/\/kfv-pfarrkirchen.de\/wprs\/\"},{\"@type\":\"ListItem\",\"position\":2,\"name\":\"Fangbestimmungen und Schonzeiten\"}]},{\"@type\":\"WebSite\",\"@id\":\"http:\/\/kfv-pfarrkirchen.de\/wprs\/#website\",\"url\":\"http:\/\/kfv-pfarrkirchen.de\/wprs\/\",\"name\":\"kfv-pfarrkirchen\",\"description\":\"Fischen im Rottal\",\"potentialAction\":[{\"@type\":\"SearchAction\",\"target\":{\"@type\":\"EntryPoint\",\"urlTemplate\":\"http:\/\/kfv-pfarrkirchen.de\/wprs\/?s={search_term_string}\"},\"query-input\":{\"@type\":\"PropertyValueSpecification\",\"valueRequired\":true,\"valueName\":\"search_term_string\"}}],\"inLanguage\":\"de\"}]}<\/script>\n<!-- \/ Yoast SEO plugin. -->","yoast_head_json":{"title":"Fangbestimmungen und Schonzeiten - kfv-pfarrkirchen","robots":{"index":"index","follow":"follow","max-snippet":"max-snippet:-1","max-image-preview":"max-image-preview:large","max-video-preview":"max-video-preview:-1"},"canonical":"http:\/\/kfv-pfarrkirchen.de\/wprs\/fangbestimmungen\/","og_locale":"de_DE","og_type":"article","og_title":"Fangbestimmungen und Schonzeiten - kfv-pfarrkirchen","og_description":"Die aktuellen Fangbestimmungen entnehmen Sie bitte dem Beiblatt, welches bei der Gew\u00e4sserkartenvergabe ausgegeben wird. Anlage zum Erlaubnisschein G\u00fcltig ab 1.1.2024 1. Der Erlaubnisschein gilt nur in Verbindung mit dem staatlichen [&hellip;]","og_url":"http:\/\/kfv-pfarrkirchen.de\/wprs\/fangbestimmungen\/","og_site_name":"kfv-pfarrkirchen","article_modified_time":"2024-02-05T19:34:59+00:00","og_image":[{"url":"https:\/\/kfv-pfarrkirchen.de\/wprs\/wp-content\/uploads\/2024\/01\/image.png","type":"","width":"","height":""}],"twitter_card":"summary_large_image","twitter_misc":{"Gesch\u00e4tzte Lesezeit":"4\u00a0Minuten"},"schema":{"@context":"https:\/\/schema.org","@graph":[{"@type":"WebPage","@id":"http:\/\/kfv-pfarrkirchen.de\/wprs\/fangbestimmungen\/","url":"http:\/\/kfv-pfarrkirchen.de\/wprs\/fangbestimmungen\/","name":"Fangbestimmungen und Schonzeiten - kfv-pfarrkirchen","isPartOf":{"@id":"http:\/\/kfv-pfarrkirchen.de\/wprs\/#website"},"primaryImageOfPage":{"@id":"http:\/\/kfv-pfarrkirchen.de\/wprs\/fangbestimmungen\/#primaryimage"},"image":{"@id":"http:\/\/kfv-pfarrkirchen.de\/wprs\/fangbestimmungen\/#primaryimage"},"thumbnailUrl":"https:\/\/kfv-pfarrkirchen.de\/wprs\/wp-content\/uploads\/2024\/01\/image.png","datePublished":"2017-05-16T18:10:05+00:00","dateModified":"2024-02-05T19:34:59+00:00","breadcrumb":{"@id":"http:\/\/kfv-pfarrkirchen.de\/wprs\/fangbestimmungen\/#breadcrumb"},"inLanguage":"de","potentialAction":[{"@type":"ReadAction","target":["http:\/\/kfv-pfarrkirchen.de\/wprs\/fangbestimmungen\/"]}]},{"@type":"ImageObject","inLanguage":"de","@id":"http:\/\/kfv-pfarrkirchen.de\/wprs\/fangbestimmungen\/#primaryimage","url":"https:\/\/kfv-pfarrkirchen.de\/wprs\/wp-content\/uploads\/2024\/01\/image.png","contentUrl":"https:\/\/kfv-pfarrkirchen.de\/wprs\/wp-content\/uploads\/2024\/01\/image.png"},{"@type":"BreadcrumbList","@id":"http:\/\/kfv-pfarrkirchen.de\/wprs\/fangbestimmungen\/#breadcrumb","itemListElement":[{"@type":"ListItem","position":1,"name":"Startseite","item":"http:\/\/kfv-pfarrkirchen.de\/wprs\/"},{"@type":"ListItem","position":2,"name":"Fangbestimmungen und Schonzeiten"}]},{"@type":"WebSite","@id":"http:\/\/kfv-pfarrkirchen.de\/wprs\/#website","url":"http:\/\/kfv-pfarrkirchen.de\/wprs\/","name":"kfv-pfarrkirchen","description":"Fischen im Rottal","potentialAction":[{"@type":"SearchAction","target":{"@type":"EntryPoint","urlTemplate":"http:\/\/kfv-pfarrkirchen.de\/wprs\/?s={search_term_string}"},"query-input":{"@type":"PropertyValueSpecification","valueRequired":true,"valueName":"search_term_string"}}],"inLanguage":"de"}]}},"_links":{"self":[{"href":"https:\/\/kfv-pfarrkirchen.de\/wprs\/wp-json\/wp\/v2\/pages\/759","targetHints":{"allow":["GET"]}}],"collection":[{"href":"https:\/\/kfv-pfarrkirchen.de\/wprs\/wp-json\/wp\/v2\/pages"}],"about":[{"href":"https:\/\/kfv-pfarrkirchen.de\/wprs\/wp-json\/wp\/v2\/types\/page"}],"author":[{"embeddable":true,"href":"https:\/\/kfv-pfarrkirchen.de\/wprs\/wp-json\/wp\/v2\/users\/1"}],"replies":[{"embeddable":true,"href":"https:\/\/kfv-pfarrkirchen.de\/wprs\/wp-json\/wp\/v2\/comments?post=759"}],"version-history":[{"count":10,"href":"https:\/\/kfv-pfarrkirchen.de\/wprs\/wp-json\/wp\/v2\/pages\/759\/revisions"}],"predecessor-version":[{"id":3230,"href":"https:\/\/kfv-pfarrkirchen.de\/wprs\/wp-json\/wp\/v2\/pages\/759\/revisions\/3230"}],"wp:attachment":[{"href":"https:\/\/kfv-pfarrkirchen.de\/wprs\/wp-json\/wp\/v2\/media?parent=759"}],"curies":[{"name":"wp","href":"https:\/\/api.w.org\/{rel}","templated":true}]}}